{"id":889,"date":"2025-04-01T12:41:17","date_gmt":"2025-04-01T10:41:17","guid":{"rendered":"https:\/\/hollywool.eu\/product\/regia-tweed-4-ply-100g\/"},"modified":"2026-04-25T09:41:07","modified_gmt":"2026-04-25T07:41:07","slug":"regia-tweed-4-ply-100g","status":"publish","type":"product","link":"https:\/\/hollywool.eu\/fr\/regia-tweed-4-ply-100g\/","title":{"rendered":"REGIA Tweed 4 plis 100 g"},"content":{"rendered":"<h2>Mat\u00e9riaux et sp\u00e9cifications<\/h2>\n<p>Le fil REGIA Tweed 4 brins 100 g de Schachenmayr Regia combine un m\u00e9lange luxueux de fibres qui en fait un choix de premier ordre pour les tricoteurs \u00e0 la recherche de qualit\u00e9 et d&#x27;\u00e9l\u00e9gance. Ce fil est compos\u00e9 de 70% de laine, 25% de nylon et 5% de rayonne, offrant une texture et un toucher uniques qui rehaussent tout projet de tricot. La laine apporte chaleur et douceur, tandis que le nylon ajoute r\u00e9sistance et durabilit\u00e9, et la rayonne apporte un \u00e9clat subtil et de la douceur.<\/p>\n<ul>\n<li><strong>Composition :<\/strong> 70% Laine, 25% Nylon, 5% Rayonne<\/li>\n<li><strong>Poids:<\/strong> 100 g par \u00e9cheveau<\/li>\n<li><strong>Longueur:<\/strong> 400 m par \u00e9cheveau<\/li>\n<li><strong>Taille de l&#039;aiguille :<\/strong> 2,0 mm \u2013 2,75 mm<\/li>\n<\/ul>\n<p>Ce fil fin offre une excellente d\u00e9finition des mailles, ce qui le rend id\u00e9al pour les motifs complexes et les travaux d\u00e9taill\u00e9s. Son tomb\u00e9 est parfait pour cr\u00e9er des v\u00eatements qui tombent magnifiquement bien.<\/p>\n<h2>Parfait pour<\/h2>\n<p>REGIA Tweed 4-ply 100 g est parfait pour une large gamme de projets, des pulls confortables et cardigans \u00e9l\u00e9gants aux accessoires styl\u00e9s tels que les \u00e9charpes et les bonnets. Sa l\u00e9g\u00e8ret\u00e9 le rend id\u00e9al pour les projets qui n\u00e9cessitent une touche d\u00e9licate.<\/p>\n<p>Que vous soyez d\u00e9butant ou confirm\u00e9, ce fil convient \u00e0 tous les niveaux. Sa nature indulgente est parfaite pour apprendre de nouvelles techniques, tandis que les tricoteurs exp\u00e9riment\u00e9s appr\u00e9cieront sa polyvalence et sa qualit\u00e9.<\/p>\n<h2>Pourquoi vous allez l&#039;adorer<\/h2>\n<p>Vous adorerez la douceur du fil REGIA Tweed 4-ply 100 g sur votre peau, ce qui le rend parfait pour les v\u00eatements port\u00e9s pr\u00e8s du corps. Sa durabilit\u00e9 garantit que vos cr\u00e9ations r\u00e9sisteront \u00e0 l&#x27;\u00e9preuve du temps, en conservant leur beaut\u00e9 et leur forme m\u00eame apr\u00e8s avoir \u00e9t\u00e9 port\u00e9es \u00e0 plusieurs reprises.<\/p>\n<p>L&#x27;exp\u00e9rience du tricot est incomparable, car le fil glisse en douceur sur les aiguilles et maintient parfaitement les mailles. Cela rend le travail tr\u00e8s agr\u00e9able, que vous r\u00e9alisiez des cadeaux ou des projets personnels.<\/p>\n<h2>Conseils d&#039;entretien<\/h2>\n<p>Pour garantir la long\u00e9vit\u00e9 de vos projets, lavez vos articles \u00e0 la main \u00e0 l&#x27;eau froide et s\u00e9chez-les \u00e0 plat. Ces conseils d&#x27;entretien permettent de pr\u00e9server la qualit\u00e9 du fil et d&#x27;\u00e9viter le feutrage.<\/p>\n<p>Conservez votre fil dans un endroit frais et sec afin de le prot\u00e9ger de l&#x27;humidit\u00e9 et des parasites, et de vous assurer qu&#x27;il reste en parfait \u00e9tat pour vos futurs projets.<\/p>\n<p><a class=\"button is-small is-outline\" href=\"https:\/\/hollywool.eu\/fr\/regia-premium-4-ply-merino-yak-100g\/\">REGIA PREMIUM Yak m\u00e9rinos 4 brins 100g<\/a> <a class=\"button is-small is-outline\" href=\"https:\/\/hollywool.eu\/fr\/regia-4-ply-100g\/\">Regia 4 plis 100 g<\/a> <a class=\"button is-small is-outline\" href=\"https:\/\/hollywool.eu\/fr\/cocoknits-t-pins\/\">\u00c9pingles en T CocoKnits<\/a><\/p>","protected":false},"excerpt":{"rendered":"<p>Experience the soft blend of 70% wool, 25% nylon, and 5% rayon in REGIA Tweed 4-ply, perfect for versatile fingering weight projects.<\/p>","protected":false},"featured_media":888,"comment_status":"open","ping_status":"closed","template":"","meta":[],"product_brand":[1653],"product_cat":[39],"product_tag":[3274,3309,3315,3284],"class_list":{"0":"post-889","1":"product","2":"type-product","3":"status-publish","4":"has-post-thumbnail","6":"product_brand-regia","7":"product_cat-regia","8":"product_tag-merino","9":"product_tag-regia","10":"product_tag-tweed","11":"product_tag-yak","13":"first","14":"instock","15":"taxable","16":"shipping-taxable","17":"purchasable","18":"product-type-variable"},"_links":{"self":[{"href":"https:\/\/hollywool.eu\/fr\/wp-json\/wp\/v2\/product\/889","targetHints":{"allow":["GET"]}}],"collection":[{"href":"https:\/\/hollywool.eu\/fr\/wp-json\/wp\/v2\/product"}],"about":[{"href":"https:\/\/hollywool.eu\/fr\/wp-json\/wp\/v2\/types\/product"}],"replies":[{"embeddable":true,"href":"https:\/\/hollywool.eu\/fr\/wp-json\/wp\/v2\/comments?post=889"}],"wp:featuredmedia":[{"embeddable":true,"href":"https:\/\/hollywool.eu\/fr\/wp-json\/wp\/v2\/media\/888"}],"wp:attachment":[{"href":"https:\/\/hollywool.eu\/fr\/wp-json\/wp\/v2\/media?parent=889"}],"wp:term":[{"taxonomy":"product_brand","embeddable":true,"href":"https:\/\/hollywool.eu\/fr\/wp-json\/wp\/v2\/product_brand?post=889"},{"taxonomy":"product_cat","embeddable":true,"href":"https:\/\/hollywool.eu\/fr\/wp-json\/wp\/v2\/product_cat?post=889"},{"taxonomy":"product_tag","embeddable":true,"href":"https:\/\/hollywool.eu\/fr\/wp-json\/wp\/v2\/product_tag?post=889"}],"curies":[{"name":"wp","href":"https:\/\/api.w.org\/{rel}","templated":true}]}}