{"id":829,"date":"2025-04-01T12:24:46","date_gmt":"2025-04-01T10:24:46","guid":{"rendered":"https:\/\/hollywool.eu\/product\/pattern-tenderfoot-socks\/"},"modified":"2026-04-04T21:05:18","modified_gmt":"2026-04-04T19:05:18","slug":"pattern-tenderfoot-socks","status":"publish","type":"product","link":"https:\/\/hollywool.eu\/fr\/pattern-tenderfoot-socks\/","title":{"rendered":"Motif de chaussettes Tenderfoot"},"content":{"rendered":"<p>Plongez dans l&#039;univers du tricot avec notre patron de chaussettes Tenderfoot ! Id\u00e9al pour les tricoteuses souhaitant cr\u00e9er des chaussettes confortables et ajust\u00e9es, ce patron est con\u00e7u pour les tailles adultes allant du 32\/34 au 44\/46 (2\/3,5 \u00e0 11\/13 pouces). Ma\u00eetrisez l&#039;art du tricot de haut en bas gr\u00e2ce \u00e0 un rabat et un gousset au talon, garantissant un ajustement parfait \u00e0 tous les pieds. Recommand\u00e9 pour une utilisation avec des aiguilles de 2 \u00e0 2,75 mm (US 0 \u00e0 2), ce patron promet une exp\u00e9rience de tricot agr\u00e9able pour un r\u00e9sultat final impeccable. \u00c0 offrir ou \u00e0 s&#039;offrir, ces chaussettes r\u00e9chaufferont les pieds et les c\u0153urs.<\/p>\n<h2>Sizes<\/h2>\n<ul>\n<li>32\/34<\/li>\n<li>36\/38<\/li>\n<li>39\/42<\/li>\n<li>44\/46<\/li>\n<\/ul>\n<h2>Mat\u00e9riels<\/h2>\n<ul>\n<li>Circular needles size 2 (2.5) mm on a long cable or double-pointed needles 2 (2.5) mm, for knitting the heel double-pointed needles 2.5 (2.75) mm<\/li>\n<li>1 skein of Queensland Tenderfoot yarn (75% merino, 25% polyamide; 375 m\/100 g)<\/li>\n<li>Needle<\/li>\n<li>Marker<\/li>\n<\/ul>\n<h2>Jauge<\/h2>\n<p><strong>Knitting density in stockinette stitch after wet finishing on needles 2 (2.5) mm:<\/strong> 30 stitches and 42 rows = 10 cm (4 inches). If your knitting density differs, you need to use needles 0.25-0.5 mm larger\/smaller than specified. Matching the knitting density is necessary for your finished item to correspond to the chosen size.<\/p>\n<h2>Construction<\/h2>\n<p>The socks are knitted from the top down to the toe, and can be knitted on circular needles using the Magic loop method or on double-pointed needles.<\/p>\n<p>Work stages:<\/p>\n<ul>\n<li>Cast on stitches, ribbing with transition to the main pattern. Alternation of knit and purl stitches in the ribbing depends on the size.<\/li>\n<li>Leg (10-12 cm)<\/li>\n<li>Knitting the heel flap on the 2nd (3rd and 4th) needle (pattern on 2.5 mm needles \u2013 1st row: 1 sl. knit, 1 knit, 2nd row: purl).<\/li>\n<li>Knitting the \u201cheel cup\u201d<\/li>\n<li>Picking up stitches on the sides of the heel, knitting the gusset with decreases<\/li>\n<li>Foot<\/li>\n<li>Toe (stockinette stitch) and closing stitches<\/li>\n<li>Wet finishing<\/li>\n<\/ul>\n<h2>Sizes and Foot Measurements<\/h2>\n<ul>\n<li>Foot circumference (cm): 20, 22, 24, 26<\/li>\n<li>Foot length (cm): 20-22, 22.5-25, 25.5-27, 27.5-29<\/li>\n<li>Number of stitches: 48, 54, 60, 66<\/li>\n<li>Heel stitches: 8\/11\/8, 10\/11\/10, 11\/11\/11, 12\/13\/12<\/li>\n<\/ul>\n<p>If the circumference of your foot differs from that given in the table, you can calculate the number of stitches yourself or knit according to the description for a size larger\/smaller (foot length is adjustable).<\/p>\n<h2>Finishing<\/h2>\n<p>After finishing the work, tuck in the ends and perform blocking. Carefully wash your socks in a solution of water with a special agent. For example, use Hollywool solid or liquid soap with lanolin. Remove excess water with a terry towel and lay the socks on a dry, horizontal surface in a ventilated room away from heat sources. To give the socks a more perfect shape and block them, it is recommended to use Hollywool sock blockers of the appropriate size.<\/p>\n<h2>Fil recommand\u00e9<\/h2>\n<ul>\n<li>Tenderfoot<\/li>\n<\/ul>","protected":false},"excerpt":{"rendered":"<p>Create cozy, intricate socks with Tenderfoot yarn; perfect for meticulous knitters using 2.0-2.75 mm needles for a flawless finish.<\/p>","protected":false},"featured_media":4370,"comment_status":"open","ping_status":"closed","template":"","meta":[],"product_brand":[],"product_cat":[27],"product_tag":[3321,3274,3294],"class_list":{"0":"post-829","1":"product","2":"type-product","3":"status-publish","4":"has-post-thumbnail","6":"product_cat-patterns","7":"product_tag-knitting-pattern","8":"product_tag-merino","9":"product_tag-socks","11":"first","12":"instock","13":"downloadable","14":"virtual","15":"taxable","16":"purchasable","17":"product-type-simple"},"_links":{"self":[{"href":"https:\/\/hollywool.eu\/fr\/wp-json\/wp\/v2\/product\/829","targetHints":{"allow":["GET"]}}],"collection":[{"href":"https:\/\/hollywool.eu\/fr\/wp-json\/wp\/v2\/product"}],"about":[{"href":"https:\/\/hollywool.eu\/fr\/wp-json\/wp\/v2\/types\/product"}],"replies":[{"embeddable":true,"href":"https:\/\/hollywool.eu\/fr\/wp-json\/wp\/v2\/comments?post=829"}],"wp:featuredmedia":[{"embeddable":true,"href":"https:\/\/hollywool.eu\/fr\/wp-json\/wp\/v2\/media\/4370"}],"wp:attachment":[{"href":"https:\/\/hollywool.eu\/fr\/wp-json\/wp\/v2\/media?parent=829"}],"wp:term":[{"taxonomy":"product_brand","embeddable":true,"href":"https:\/\/hollywool.eu\/fr\/wp-json\/wp\/v2\/product_brand?post=829"},{"taxonomy":"product_cat","embeddable":true,"href":"https:\/\/hollywool.eu\/fr\/wp-json\/wp\/v2\/product_cat?post=829"},{"taxonomy":"product_tag","embeddable":true,"href":"https:\/\/hollywool.eu\/fr\/wp-json\/wp\/v2\/product_tag?post=829"}],"curies":[{"name":"wp","href":"https:\/\/api.w.org\/{rel}","templated":true}]}}