{"id":785,"date":"2025-04-01T12:14:46","date_gmt":"2025-04-01T10:14:46","guid":{"rendered":"https:\/\/hollywool.eu\/product\/pattern-cardigan-all-seasons\/"},"modified":"2026-04-04T21:05:18","modified_gmt":"2026-04-04T19:05:18","slug":"pattern-cardigan-all-seasons","status":"publish","type":"product","link":"https:\/\/hollywool.eu\/fr\/pattern-cardigan-all-seasons\/","title":{"rendered":"Mod\u00e8le de cardigan toutes saisons"},"content":{"rendered":"<p>D\u00e9couvrez le \u201c Cardigan All Seasons \u201d, une merveille du tricot con\u00e7ue pour \u00eatre polyvalente et \u00e9l\u00e9gante. Ce mod\u00e8le est disponible dans une large gamme de tailles, du 42-44 (S) au 54-56 (XL), garantissant ainsi un ajustement parfait pour tous. R\u00e9alis\u00e9 avec pr\u00e9cision, il n\u00e9cessite des aiguilles circulaires de 4 mm (US 6) et des aiguilles doubles pointes de 4 mm (US 6), pour une exp\u00e9rience de tricot captivante. Id\u00e9al pour les tricoteurs qui souhaitent cr\u00e9er une pi\u00e8ce originale \u00e0 la fois confortable et chic. Accueillez les saisons avec confort et style gr\u00e2ce \u00e0 ce mod\u00e8le de cardigan raffin\u00e9.<\/p>\n<h2>Sizes<\/h2>\n<ul>\n<li>42-44 (tour de poitrine 82-89 cm)<\/li>\n<li>46-48 (tour de poitrine 90-97 cm)<\/li>\n<li>50-52 (tour de poitrine 98-107 cm)<\/li>\n<li>54-56 (tour de poitrine 108-114 cm)<\/li>\n<\/ul>\n<h2>Materials and Tools<\/h2>\n<ul>\n<li><strong>Aiguilles:<\/strong> Aiguilles circulaires de 4 mm, aiguilles doubles pointes de 4 mm<\/li>\n<li>Markers<\/li>\n<li>Needle<\/li>\n<li>M\u00e8tre \u00e0 ruban<\/li>\n<li>Waste yarn or extra cable<\/li>\n<li>Compteur de lignes<\/li>\n<li><strong>Yarn options:<\/strong>\n<ul>\n<li>BC Garn Northern Lights (80% laine biologique, 20% soie ; 100 g\/200 m). Quantit\u00e9 de fil n\u00e9cessaire : 5 pelotes pour les tailles 42-44\/46-48, 6 pelotes pour les tailles 50-52, 7 pelotes pour les tailles 54-56.<\/li>\n<li>Jody Long Alpamayo (50% coton biologique, 50% baby alpaga ; 100 g\/175 m). Quantit\u00e9 de fil n\u00e9cessaire : 5 pelotes pour les tailles 42-44\/46-48, 6 pelotes pour la taille 50-52, 7 pelotes pour la taille 54-56.<\/li>\n<li>Katia Concept Pluma (85% coton, 15% polyamide ; 50 g\/150 m). Quantit\u00e9 de fil n\u00e9cessaire : 6\/7 pelotes pour les tailles 42-44\/46-48, 8 pelotes pour la taille 50-52, 9 pelotes pour la taille 54-56.<\/li>\n<\/ul>\n<\/li>\n<\/ul>\n<h2>Jauge<\/h2>\n<p><strong>Jauge:<\/strong> 17 mailles et 27 rangs en jersey dans un carr\u00e9 de 10 x 10 cm.<\/p>\n<h2>Mesures du v\u00eatement fini<\/h2>\n<ul>\n<li>42-44 : Largeur 53 cm, longueur 27 cm, longueur de l&#x27;encolure 20 cm, longueur de l&#x27;emmanchure avant 20 cm, largeur de la manche 22 cm, longueur de la manche 60 cm<\/li>\n<li>46-48 : Largeur 56 cm, longueur 29 cm, longueur de l&#x27;encolure 20 cm, longueur de l&#x27;emmanchure avant 21 cm, largeur de la manche 22,5 cm, longueur de la manche 60 cm<\/li>\n<li>50-52 : Largeur 58 cm, longueur 31 cm, longueur de l&#x27;encolure 21 cm, longueur de l&#x27;emmanchure avant 22 cm, largeur de la manche 22,5 cm, longueur de la manche 61 cm<\/li>\n<li>54-56 : Largeur 60 cm, longueur 32 cm, longueur de l&#x27;encolure 22 cm, longueur de l&#x27;emmanchure avant 22,5 cm, largeur de la manche 23 cm, longueur de la manche 62 cm<\/li>\n<\/ul>\n<h2>\u00c9tapes de travail<\/h2>\n<p>1. Pr\u00e9paration de la bande de boutons (compos\u00e9e de deux parties). Relever les mailles pour le dos le long du bord lat\u00e9ral de la bande.<\/p>\n<p>2. D\u00e9terminer les points de retournement pour le tricotage en rangs raccourcis, tricoter l&#x27;empi\u00e8cement avec des augmentations simultan\u00e9es le long des lignes raglan.<\/p>\n<p>3. Tricoter jusqu&#x27;aux emmanchures tout en formant un col en V. S\u00e9parer les manches du corps du cardigan.<\/p>\n<p>4. Tricoter le cardigan \u00e0 la longueur souhait\u00e9e tout en r\u00e9alisant les boutonni\u00e8res.<\/p>\n<p>5. Manches.<\/p>\n<p>6. Blocage et boutons.<\/p>\n<h2>Notes sur le tricot<\/h2>\n<p>Cardigan oversize court avec une bande de boutonnage int\u00e9gr\u00e9e, tricot\u00e9 de haut en bas en raglan avec des rangs retourn\u00e9s. L&#x27;empi\u00e8cement est fa\u00e7onn\u00e9 sur les \u00e9paules avec des rangs raccourcis sans couper le fil.<\/p>\n<p>Motifs utilis\u00e9s : c\u00f4tes 1\u00d71 (pour la bande de boutonnage, le bas du v\u00eatement et les poignets) et jersey (avec rangs retourn\u00e9s).<\/p>\n<p>Les augmentations le long des lignes raglan sont r\u00e9alis\u00e9es \u00e0 partir de mailles jet\u00e9es, en les tricotant comme des mailles tricot\u00e9es torsad\u00e9es. Les mailles boutonni\u00e8res sont cr\u00e9\u00e9es sans couper le fil sur le c\u00f4t\u00e9 droit de la bande.<\/p>\n<h2>Lavage et boutons<\/h2>\n<p>Avant le lavage, il est recommand\u00e9 de fixer les bords avant avec du fil (points provisoires) ; ne fixez pas encore les boutons. Lavez d\u00e9licatement votre v\u00eatement \u00e0 l&#x27;eau froide avec un d\u00e9tergent sp\u00e9cial, tel que le savon solide ou liquide Hollywool. Rincez bien, essorez l\u00e9g\u00e8rement dans une serviette. Posez \u00e0 plat sur une surface horizontale, redressez et mesurez le v\u00eatement avec un m\u00e8tre ruban. Apr\u00e8s s\u00e9chage, cousez les boutons.<\/p>\n<h2>D\u00e9tails techniques<\/h2>\n<p><strong>Jauge:<\/strong> 17 mailles et 36 rangs = 10 x 10 cm<\/p>\n<p><strong>Aiguilles:<\/strong> Aiguilles circulaires de 4 mm (US 6) et aiguilles doubles pointes de 4 mm (US 6)<\/p>\n<p><strong>Composition du fil :<\/strong> Laine m\u00e9rinos 100%<\/p>\n<h2>Accessoires recommand\u00e9s<\/h2>\n<ul>\n<li><a href=\"https:\/\/hollywool.eu\/fr\/cocoknits-mixed-stitch-stoppers-colorful\/\">Arr\u00eatoirs de mailles mixtes CocoKnits color\u00e9s<\/a><\/li>\n<li><a href=\"https:\/\/hollywool.eu\/fr\/cocoknits-mixed-stitch-stoppers-earth\/\">CocoKnits Arr\u00eatoirs de mailles mixtes Terre<\/a><\/li>\n<li><a href=\"https:\/\/hollywool.eu\/fr\/drops-stitch-holders\/\">Porte-mailles DROPS<\/a><\/li>\n<\/ul>","protected":false},"excerpt":{"rendered":"<p>Craft timeless cardigans with our 100% Merino Wool. Perfect for all seasons, this yarn ensures softness and durability with every stitch.<\/p>","protected":false},"featured_media":4367,"comment_status":"open","ping_status":"closed","template":"","meta":[],"product_brand":[],"product_cat":[27],"product_tag":[3275,3296,3279,3321,3274,3278],"class_list":{"0":"post-785","1":"product","2":"type-product","3":"status-publish","4":"has-post-thumbnail","6":"product_cat-patterns","7":"product_tag-alpaca","8":"product_tag-cardigan","9":"product_tag-cotton","10":"product_tag-knitting-pattern","11":"product_tag-merino","12":"product_tag-silk","14":"first","15":"instock","16":"downloadable","17":"virtual","18":"taxable","19":"purchasable","20":"product-type-simple"},"_links":{"self":[{"href":"https:\/\/hollywool.eu\/fr\/wp-json\/wp\/v2\/product\/785","targetHints":{"allow":["GET"]}}],"collection":[{"href":"https:\/\/hollywool.eu\/fr\/wp-json\/wp\/v2\/product"}],"about":[{"href":"https:\/\/hollywool.eu\/fr\/wp-json\/wp\/v2\/types\/product"}],"replies":[{"embeddable":true,"href":"https:\/\/hollywool.eu\/fr\/wp-json\/wp\/v2\/comments?post=785"}],"wp:featuredmedia":[{"embeddable":true,"href":"https:\/\/hollywool.eu\/fr\/wp-json\/wp\/v2\/media\/4367"}],"wp:attachment":[{"href":"https:\/\/hollywool.eu\/fr\/wp-json\/wp\/v2\/media?parent=785"}],"wp:term":[{"taxonomy":"product_brand","embeddable":true,"href":"https:\/\/hollywool.eu\/fr\/wp-json\/wp\/v2\/product_brand?post=785"},{"taxonomy":"product_cat","embeddable":true,"href":"https:\/\/hollywool.eu\/fr\/wp-json\/wp\/v2\/product_cat?post=785"},{"taxonomy":"product_tag","embeddable":true,"href":"https:\/\/hollywool.eu\/fr\/wp-json\/wp\/v2\/product_tag?post=785"}],"curies":[{"name":"wp","href":"https:\/\/api.w.org\/{rel}","templated":true}]}}