{"id":363,"date":"2025-04-01T10:47:48","date_gmt":"2025-04-01T08:47:48","guid":{"rendered":"https:\/\/hollywool.eu\/product\/pattern-summer-on\/"},"modified":"2026-04-04T21:05:23","modified_gmt":"2026-04-04T19:05:23","slug":"pattern-summer-on","status":"publish","type":"product","link":"https:\/\/hollywool.eu\/fr\/pattern-summer-on\/","title":{"rendered":"Mod\u00e8le \u00c9t\u00e9"},"content":{"rendered":"<p>Niveau de comp\u00e9tence en tricot : interm\u00e9diaire<\/p>\n<p>The super soft organic cotton yarn Alba, certified by GOTS, is available in a wide range of colors, which might make the color selection a bit challenging (but we hope not too much!).<\/p>\n<p>The pattern eliminates the need for complicated calculations and allows you to enjoy the creative process of knitting.<\/p>\n<p>The lightweight, soft, and fine cotton will provide you with a feeling of incredible comfort and freshness, especially during hot weather.<\/p>\n<p>The Summer On Top is designed for everyday wear and will look great with flowing skirts, linen pants, or shorts.<\/p>\n<p>Embrace your summer with the Summer On Top!<\/p>\n<h2>Yarn Requirements by Sizes<\/h2>\n<ul>\n<li>XS-S (chest circumference 80-89 cm) \u2013 5 skeins<\/li>\n<li>M (chest circumference 86-93 cm) \u2013 5 skeins<\/li>\n<li>L (chest circumference 90-97 cm) \u2013 6 skeins<\/li>\n<li>XL (chest circumference 94-102 cm) \u2013 6 skeins<\/li>\n<\/ul>\n<p>Tailles d&#039;aiguilles mentionn\u00e9es dans le mod\u00e8le : 3,25 mm et 3,50 mm, avec une longueur de 60 cm ou 80 cm.<\/p>\n<h2>Fil recommand\u00e9<\/h2>\n<ul>\n<li><a href=\"https:\/\/hollywool.eu\/fr\/bc-garn-alba-gots\/\">BC Garn Alba Gots<\/a><\/li>\n<\/ul>","protected":false},"excerpt":{"rendered":"<p>Dive into summer projects with this vibrant 100% acrylic yarn! Perfect for light, breezy creations with a soft touch and vivid colors.<\/p>","protected":false},"featured_media":4335,"comment_status":"open","ping_status":"closed","template":"","meta":[],"product_brand":[],"product_cat":[27],"product_tag":[3279,3311,3321,3280],"class_list":{"0":"post-363","1":"product","2":"type-product","3":"status-publish","4":"has-post-thumbnail","6":"product_cat-patterns","7":"product_tag-cotton","8":"product_tag-gots-certified","9":"product_tag-knitting-pattern","10":"product_tag-linen","12":"first","13":"instock","14":"downloadable","15":"virtual","16":"taxable","17":"purchasable","18":"product-type-simple"},"_links":{"self":[{"href":"https:\/\/hollywool.eu\/fr\/wp-json\/wp\/v2\/product\/363","targetHints":{"allow":["GET"]}}],"collection":[{"href":"https:\/\/hollywool.eu\/fr\/wp-json\/wp\/v2\/product"}],"about":[{"href":"https:\/\/hollywool.eu\/fr\/wp-json\/wp\/v2\/types\/product"}],"replies":[{"embeddable":true,"href":"https:\/\/hollywool.eu\/fr\/wp-json\/wp\/v2\/comments?post=363"}],"wp:featuredmedia":[{"embeddable":true,"href":"https:\/\/hollywool.eu\/fr\/wp-json\/wp\/v2\/media\/4335"}],"wp:attachment":[{"href":"https:\/\/hollywool.eu\/fr\/wp-json\/wp\/v2\/media?parent=363"}],"wp:term":[{"taxonomy":"product_brand","embeddable":true,"href":"https:\/\/hollywool.eu\/fr\/wp-json\/wp\/v2\/product_brand?post=363"},{"taxonomy":"product_cat","embeddable":true,"href":"https:\/\/hollywool.eu\/fr\/wp-json\/wp\/v2\/product_cat?post=363"},{"taxonomy":"product_tag","embeddable":true,"href":"https:\/\/hollywool.eu\/fr\/wp-json\/wp\/v2\/product_tag?post=363"}],"curies":[{"name":"wp","href":"https:\/\/api.w.org\/{rel}","templated":true}]}}