{"id":34725,"date":"2026-03-12T19:26:22","date_gmt":"2026-03-12T17:26:22","guid":{"rendered":"https:\/\/hollywool.eu\/?post_type=product&#038;p=34725"},"modified":"2026-04-19T13:43:29","modified_gmt":"2026-04-19T11:43:29","slug":"pattern-sweater-grace","status":"publish","type":"product","link":"https:\/\/hollywool.eu\/fr\/pattern-sweater-grace\/","title":{"rendered":"Pull \u00e0 motifs Grace"},"content":{"rendered":"<p class=\"p1\">Ce pull raglan Grace est con\u00e7u avec environ 10 centim\u00e8tres d&#x27;aisance positive, cr\u00e9ant une coupe confortable et un look doux et d\u00e9contract\u00e9. Il pr\u00e9sente un encolure ronde soign\u00e9e, une forme raglan lisse et r\u00e9guli\u00e8re, et une silhouette droite qui en fait un v\u00eatement facile \u00e0 porter et polyvalent pour tous les jours. Le pull est tricot\u00e9 sans couture en rond, de haut en bas. L&#x27;empi\u00e8cement est fa\u00e7onn\u00e9 avec des augmentations raglan et des rangs raccourcis, le corps est tricot\u00e9 en jersey et les manches sont \u00e9galement tricot\u00e9es en rond et finies par un bord-c\u00f4te. Le patron comprend des instructions \u00e9crites d\u00e9taill\u00e9es, des conseils pour tricoter les rangs raccourcis, des instructions pour relever les mailles sous les aisselles et un sch\u00e9ma du v\u00eatement avec les principales mesures finales.<\/p>\n<p class=\"p1\">Tailles (tour de poitrine\/cm) :<\/p>\n<p class=\"p1\">XS (80-84), S (88-90), M (90-92), L (96-100), XL (100-104), XXL (108-112)<\/p>\n<p class=\"p1\">Dimensions finales :<\/p>\n<p class=\"p1\">Largeur du corps : 47-48, 50-51, 54-55, 58-59, 63-64, 68-69 cm<\/p>\n<p class=\"p1\">Longueur dos : 54-55, 55-56, 56-57, 58-59, 60-61, 62-63 cm<\/p>\n<p class=\"p1\">Ligne raglan : 21, 23, 25, 27, 29-30, 31-32 cm<\/p>\n<p class=\"p1\">Mat\u00e9riels:<\/p>\n<p class=\"p1\">\u2022 DROPS Nepal, 65% laine, 35% alpaga, 75 m \/ 50 g<\/p>\n<p class=\"p1\">\u2022 Aiguilles circulaires de 5,0 mm pour le tissu principal<\/p>\n<p class=\"p1\">\u2022 Aiguilles circulaires de 4,0 mm pour l&#x27;encolure, les poignets et les bords-c\u00f4tes<\/p>\n<p class=\"p1\">\u2022 marqueurs de mailles<\/p>\n<p class=\"p1\">\u2022 aiguille \u00e0 tapisserie<\/p>\n<p class=\"p1\">\u2022 ruban \u00e0 mesurer<\/p>\n<p class=\"p1\">\u2022 ciseaux<\/p>\n<p class=\"p1\">\u2022 fil de rebut ou c\u00e2ble de rechange pour maintenir les mailles du manchon<\/p>\n<p class=\"p1\">Consommation de fil :<\/p>\n<p class=\"p1\">9 \/ 9 \/ 10 \/ 11 \/ 13 \/ 14 pelotes Drops Nepal, y compris l&#x27;\u00e9chantillon<\/p>\n<p class=\"p1\">Environ 675 \/ 675 \/ 750 \/ 825 \/ 975 \/ 1050 m<\/p>\n<p class=\"p1\">Environ 738 \/ 738 \/ 820 \/ 902 \/ 1066 \/ 1148 yards<\/p>\n<p class=\"p1\">Pour les tricoteuses mesurant plus de 168 cm, je recommande d&#x27;ajouter une pelote suppl\u00e9mentaire.<\/p>\n<p class=\"p1\">Jauge:<\/p>\n<p class=\"p1\">16 mailles et 23 rangs = 10 cm \/ 4 pouces en jersey apr\u00e8s lavage et blocage, avec des aiguilles de 5,0 mm.<\/p>\n<p class=\"p1\">D\u00e9tails du motif :<\/p>\n<p class=\"p1\">Patron PDF d\u00e9taill\u00e9<\/p>\n<p class=\"p1\">Photos \u00e9tape par \u00e9tape<\/p>\n<p class=\"p1\">Conseils vid\u00e9o pour les passages difficiles<\/p>\n<p class=\"p1\">If you have any questions about this pattern, please send me a message. For more inspiration and updates, follow me on Instagram <span class=\"s1\">@hollywool<\/span>.eu<\/p>\n<p class=\"p1\">Tout le fil et les aiguilles n\u00e9cessaires \u00e0 la r\u00e9alisation de ce projet sont disponibles sur mon site web. <span class=\"s1\">hollywool.eu<\/span><\/p>","protected":false},"excerpt":{"rendered":"<p>Knit your own cozy masterpiece with the Grace sweater pattern\u2014perfect for adding a touch of elegance to your handmade wardrobe.<\/p>","protected":false},"featured_media":34727,"comment_status":"open","ping_status":"closed","template":"","meta":[],"product_brand":[],"product_cat":[27],"product_tag":[3275,3321,3295],"class_list":{"0":"post-34725","1":"product","2":"type-product","3":"status-publish","4":"has-post-thumbnail","6":"product_cat-patterns","7":"product_tag-alpaca","8":"product_tag-knitting-pattern","9":"product_tag-sweater","11":"first","12":"instock","13":"downloadable","14":"virtual","15":"taxable","16":"purchasable","17":"product-type-simple"},"_links":{"self":[{"href":"https:\/\/hollywool.eu\/fr\/wp-json\/wp\/v2\/product\/34725","targetHints":{"allow":["GET"]}}],"collection":[{"href":"https:\/\/hollywool.eu\/fr\/wp-json\/wp\/v2\/product"}],"about":[{"href":"https:\/\/hollywool.eu\/fr\/wp-json\/wp\/v2\/types\/product"}],"replies":[{"embeddable":true,"href":"https:\/\/hollywool.eu\/fr\/wp-json\/wp\/v2\/comments?post=34725"}],"wp:featuredmedia":[{"embeddable":true,"href":"https:\/\/hollywool.eu\/fr\/wp-json\/wp\/v2\/media\/34727"}],"wp:attachment":[{"href":"https:\/\/hollywool.eu\/fr\/wp-json\/wp\/v2\/media?parent=34725"}],"wp:term":[{"taxonomy":"product_brand","embeddable":true,"href":"https:\/\/hollywool.eu\/fr\/wp-json\/wp\/v2\/product_brand?post=34725"},{"taxonomy":"product_cat","embeddable":true,"href":"https:\/\/hollywool.eu\/fr\/wp-json\/wp\/v2\/product_cat?post=34725"},{"taxonomy":"product_tag","embeddable":true,"href":"https:\/\/hollywool.eu\/fr\/wp-json\/wp\/v2\/product_tag?post=34725"}],"curies":[{"name":"wp","href":"https:\/\/api.w.org\/{rel}","templated":true}]}}