{"id":3348,"date":"2025-04-01T16:27:03","date_gmt":"2025-04-01T14:27:03","guid":{"rendered":"https:\/\/hollywool.eu\/product\/kremke-baby-alpaka\/"},"modified":"2026-04-12T03:56:35","modified_gmt":"2026-04-12T01:56:35","slug":"kremke-baby-alpaka","status":"publish","type":"product","link":"https:\/\/hollywool.eu\/fr\/kremke-baby-alpaka\/","title":{"rendered":"Kremke Baby Alpaga"},"content":{"rendered":"<h2>Mat\u00e9riaux et sp\u00e9cifications<\/h2>\n<p>Le fil Kremke Baby Alpaca offre une exp\u00e9rience de tricot luxueuse, fabriqu\u00e9 \u00e0 partir de fibres de baby alpaga 100%. Ce fil haut de gamme est r\u00e9put\u00e9 pour son incroyable douceur et sa chaleur, ce qui en fait un choix id\u00e9al pour ceux qui appr\u00e9cient la qualit\u00e9 et le confort. L&#x27;\u00e9clat naturel de l&#x27;alpaga ajoute une touche d&#x27;\u00e9l\u00e9gance \u00e0 tous vos projets, garantissant que vos cr\u00e9ations se d\u00e9marquent.<\/p>\n<ul>\n<li><strong>Composition :<\/strong> 100% B\u00e9b\u00e9 alpaga<\/li>\n<li><strong>Poids:<\/strong> 50 g par \u00e9cheveau<\/li>\n<li><strong>Longueur:<\/strong> 100 m par \u00e9cheveau<\/li>\n<li><strong>Taille de l&#039;aiguille :<\/strong> 4,0 \u2013 5,0 mm<\/li>\n<li><strong>Cat\u00e9gorie de poids du fil :<\/strong> DK<\/li>\n<\/ul>\n<p>Ce fil de poids DK offre une excellente d\u00e9finition des mailles et un beau tomb\u00e9, ce qui le rend parfait pour les motifs et les dessins complexes. Sa texture lisse glisse sans effort sur les aiguilles, offrant une exp\u00e9rience de tricot ou de crochet sans couture.<\/p>\n<h2>Parfait pour<\/h2>\n<p>Le baby alpaga Kremke est id\u00e9al pour cr\u00e9er des pulls confortables, des cardigans \u00e9l\u00e9gants et des accessoires chauds tels que des \u00e9charpes et des bonnets. Sa polyvalence lui permet d&#x27;\u00eatre utilis\u00e9 dans une grande vari\u00e9t\u00e9 de projets, des v\u00eatements styl\u00e9s aux charmants articles de d\u00e9coration int\u00e9rieure.<\/p>\n<p>Que vous soyez d\u00e9butant ou exp\u00e9riment\u00e9, ce fil est facile \u00e0 travailler et convient donc \u00e0 tous les niveaux. Sa nature indulgente est parfaite pour apprendre de nouvelles techniques ou perfectionner vos comp\u00e9tences.<\/p>\n<h2>Pourquoi vous allez l&#039;adorer<\/h2>\n<p>Vous allez adorer la douceur incomparable du baby alpaga Kremke sur votre peau. Il est suffisamment r\u00e9sistant pour \u00eatre port\u00e9 tous les jours, garantissant ainsi que vos cr\u00e9ations dureront des ann\u00e9es. Facile d&#x27;entretien et conservant ses couleurs vives, ce fil est un choix pratique pour tous vos projets.<\/p>\n<p>D\u00e9couvrez le plaisir de tricoter ou de crocheter avec un fil luxueux au toucher, qui tient facilement les mailles et permet d&#x27;obtenir de magnifiques r\u00e9sultats dignes d&#x27;un professionnel. Id\u00e9al pour vos projets personnels ou pour offrir des cadeaux sinc\u00e8res que vos proches ch\u00e9riront.<\/p>\n<h2>Conseils d&#039;entretien<\/h2>\n<p>Pour pr\u00e9server la qualit\u00e9 de vos cr\u00e9ations en baby alpaga Kremke, lavez-les d\u00e9licatement \u00e0 la main \u00e0 l&#x27;eau froide et s\u00e9chez-les \u00e0 plat. Ces pr\u00e9cautions permettent de conserver la douceur du fil et d&#x27;\u00e9viter le feutrage, garantissant ainsi leur long\u00e9vit\u00e9.<\/p>\n<p>Conservez vos projets termin\u00e9s dans un endroit frais et sec afin qu&#x27;ils restent en parfait \u00e9tat. En prenant soin de vos cr\u00e9ations, vous vous assurerez qu&#x27;elles resteront belles pendant de nombreuses ann\u00e9es.<\/p>\n<p><a class=\"button is-small is-outline\" href=\"https:\/\/hollywool.eu\/fr\/kremke-the-merry-merino-110-gots\/\">Kremke The Merry Merino 110 GOTS<\/a> <a class=\"button is-small is-outline\" href=\"https:\/\/hollywool.eu\/fr\/kremke-silky-kid-25g\/\">Kremke Silky Kid 25 g<\/a> <a class=\"button is-small is-outline\" href=\"https:\/\/hollywool.eu\/fr\/kremke-morning-salutation-vegan-fino\/\">Kremke Salutation matinale Vegan fino<\/a><\/p>","protected":false},"excerpt":{"rendered":"<p>Experience luxurious softness with Kremke Baby Alpaca yarn. This 100% Baby Alpaca DK yarn is perfect for versatile, cozy creations.<\/p>","protected":false},"featured_media":3347,"comment_status":"open","ping_status":"closed","template":"","meta":[],"product_brand":[1651],"product_cat":[35],"product_tag":[3275,3311,3306,3274],"class_list":{"0":"post-3348","1":"product","2":"type-product","3":"status-publish","4":"has-post-thumbnail","6":"product_brand-kremke-soul-wool","7":"product_cat-kremke","8":"product_tag-alpaca","9":"product_tag-gots-certified","10":"product_tag-kremke-soul-wool","11":"product_tag-merino","13":"first","14":"instock","15":"taxable","16":"shipping-taxable","17":"purchasable","18":"product-type-variable"},"_links":{"self":[{"href":"https:\/\/hollywool.eu\/fr\/wp-json\/wp\/v2\/product\/3348","targetHints":{"allow":["GET"]}}],"collection":[{"href":"https:\/\/hollywool.eu\/fr\/wp-json\/wp\/v2\/product"}],"about":[{"href":"https:\/\/hollywool.eu\/fr\/wp-json\/wp\/v2\/types\/product"}],"replies":[{"embeddable":true,"href":"https:\/\/hollywool.eu\/fr\/wp-json\/wp\/v2\/comments?post=3348"}],"wp:featuredmedia":[{"embeddable":true,"href":"https:\/\/hollywool.eu\/fr\/wp-json\/wp\/v2\/media\/3347"}],"wp:attachment":[{"href":"https:\/\/hollywool.eu\/fr\/wp-json\/wp\/v2\/media?parent=3348"}],"wp:term":[{"taxonomy":"product_brand","embeddable":true,"href":"https:\/\/hollywool.eu\/fr\/wp-json\/wp\/v2\/product_brand?post=3348"},{"taxonomy":"product_cat","embeddable":true,"href":"https:\/\/hollywool.eu\/fr\/wp-json\/wp\/v2\/product_cat?post=3348"},{"taxonomy":"product_tag","embeddable":true,"href":"https:\/\/hollywool.eu\/fr\/wp-json\/wp\/v2\/product_tag?post=3348"}],"curies":[{"name":"wp","href":"https:\/\/api.w.org\/{rel}","templated":true}]}}