{"id":32930,"date":"2026-01-06T15:41:54","date_gmt":"2026-01-06T13:41:54","guid":{"rendered":"https:\/\/hollywool.eu\/pattern-aki-sweater\/"},"modified":"2026-04-04T21:05:06","modified_gmt":"2026-04-04T19:05:06","slug":"pattern-aki-sweater","status":"publish","type":"product","link":"https:\/\/hollywool.eu\/fr\/pattern-aki-sweater\/","title":{"rendered":"Mod\u00e8le Pull Aki"},"content":{"rendered":"<p>Pull l\u00e9ger \u00e0 col en V, facile \u00e0 tricoter, avec des \u00e9paules tombantes modifi\u00e9es de style japonais. Tricot\u00e9 de haut en bas : d&#x27;abord, le dos et les deux devants sont tricot\u00e9s \u00e0 plat en rang\u00e9es, puis les pi\u00e8ces sont assembl\u00e9es et le corps est tricot\u00e9 en rond. Lignes \u00e9pur\u00e9es et c\u00f4tes 1\u00d71 \u00e9lastiques avec une mise en place tubulaire soign\u00e9e et un rabattage cousu \u00e0 l&#x27;italienne : le bord a un aspect fini et conserve sa forme. Un v\u00e9ritable basique de tous les jours : se porte avec un jean ou une jupe, au bureau ou le week-end.<\/p>\n<p>Tailles : 42-44, 46-48, 50-52, 54-56. Aisance : ample mais mod\u00e9r\u00e9e (pas carr\u00e9e).<\/p>\n<p>Gauge: 18 sts \u00d7 22 rows = 10 \u00d7 10 cm (4\u2033 \u00d7 4\u2033) in stockinette after blocking.<\/p>\n<p>Aiguilles et accessoires : aiguilles circulaires de 5,0 mm (US 8) pour le tissu principal ; 4,0 mm (US 6) pour toutes les c\u00f4tes ; marqueurs de mailles, fil de rebut\/c\u00e2ble, aiguille \u00e0 tapisserie, m\u00e8tre ruban, ciseaux. Ajustez la taille des aiguilles par paliers de 0,25 \u00e0 0,5 mm si n\u00e9cessaire pour obtenir la jauge requise.<\/p>\n<p>Materials and tools: Recommended yarn:<\/p>\n<ul>\n<li>BC Garn Hamelton Tweed 1 GOTS (90% laine, 10% viscose ; 100 m \/ 50 g) ;<\/li>\n<li>Drops Nepal (65% laine, 35% alpaga ; 75 m\/ 50 g) ;<\/li>\n<li>Sandnes Garn Peer Gynt (laine 100% ; 90 m \/ 50 g).<\/li>\n<li>Aiguilles circulaires de 5,0 mm pour le tissu principal, 4,0 mm pour les c\u00f4tes \u00e0 l&#x27;encolure, aux poignets et \u00e0 l&#x27;ourlet ;<\/li>\n<\/ul>\n<p>Consommation de fil :<\/p>\n<ul>\n<li>BC Garn Hamelton Tweed 1 GOTS \u2014 8\/9\/10\/11 pelotes (pour une taille \u00e0 partir de 168 cm, nous recommandons d&#x27;ajouter une pelote suppl\u00e9mentaire) ;<\/li>\n<li>Sandnes Garn Peer Gynt \u2014 9\/10\/11\/12 pelotes (pour une taille sup\u00e9rieure \u00e0 168 cm, nous recommandons d&#x27;ajouter une pelote suppl\u00e9mentaire) ;<\/li>\n<li>Drops Nepal \u2014 11\/12\/13\/14 pelotes (pour une taille sup\u00e9rieure \u00e0 168 cm, nous recommandons d&#x27;ajouter une pelote suppl\u00e9mentaire) ;<\/li>\n<\/ul>\n<p>Pourquoi AKI est agr\u00e9able \u00e0 tricoter. La construction de haut en bas vous permet d&#x27;essayer au fur et \u00e0 mesure, d&#x27;ajuster facilement la longueur du corps et des manches, et de g\u00e9rer intelligemment le m\u00e9trage. Finition minimale : les \u00e9paules tombent naturellement et le col en V est net et graphique. Le r\u00e9sultat est un pull polyvalent, discret et \u00e9l\u00e9gant, qui deviendra sans doute votre tricot pr\u00e9f\u00e9r\u00e9.<\/p>","protected":false},"excerpt":{"rendered":"<p>The Aki sweater pattern is a relaxed, V-neck pullover with a Japanese-style modified drop shoulder, worked top-down from the back and two fronts before joining to knit the body in the round. It comes in sizes 42\u201356 and uses a gauge of 18 sts \u00d7 22 rows.<\/p>","protected":false},"featured_media":32915,"comment_status":"open","ping_status":"closed","template":"","meta":[],"product_brand":[],"product_cat":[27],"product_tag":[3275,3311,3321,3295,3315],"class_list":{"0":"post-32930","1":"product","2":"type-product","3":"status-publish","4":"has-post-thumbnail","6":"product_cat-patterns","7":"product_tag-alpaca","8":"product_tag-gots-certified","9":"product_tag-knitting-pattern","10":"product_tag-sweater","11":"product_tag-tweed","13":"first","14":"instock","15":"downloadable","16":"virtual","17":"taxable","18":"purchasable","19":"product-type-simple"},"_links":{"self":[{"href":"https:\/\/hollywool.eu\/fr\/wp-json\/wp\/v2\/product\/32930","targetHints":{"allow":["GET"]}}],"collection":[{"href":"https:\/\/hollywool.eu\/fr\/wp-json\/wp\/v2\/product"}],"about":[{"href":"https:\/\/hollywool.eu\/fr\/wp-json\/wp\/v2\/types\/product"}],"replies":[{"embeddable":true,"href":"https:\/\/hollywool.eu\/fr\/wp-json\/wp\/v2\/comments?post=32930"}],"wp:featuredmedia":[{"embeddable":true,"href":"https:\/\/hollywool.eu\/fr\/wp-json\/wp\/v2\/media\/32915"}],"wp:attachment":[{"href":"https:\/\/hollywool.eu\/fr\/wp-json\/wp\/v2\/media?parent=32930"}],"wp:term":[{"taxonomy":"product_brand","embeddable":true,"href":"https:\/\/hollywool.eu\/fr\/wp-json\/wp\/v2\/product_brand?post=32930"},{"taxonomy":"product_cat","embeddable":true,"href":"https:\/\/hollywool.eu\/fr\/wp-json\/wp\/v2\/product_cat?post=32930"},{"taxonomy":"product_tag","embeddable":true,"href":"https:\/\/hollywool.eu\/fr\/wp-json\/wp\/v2\/product_tag?post=32930"}],"curies":[{"name":"wp","href":"https:\/\/api.w.org\/{rel}","templated":true}]}}