{"id":32888,"date":"2026-01-06T15:40:21","date_gmt":"2026-01-06T13:40:21","guid":{"rendered":"https:\/\/hollywool.eu\/pattern-loop-hat\/"},"modified":"2026-04-04T21:05:06","modified_gmt":"2026-04-04T19:05:06","slug":"pattern-loop-hat","status":"publish","type":"product","link":"https:\/\/hollywool.eu\/fr\/pattern-loop-hat\/","title":{"rendered":"Bonnet \u00e0 motif en boucle"},"content":{"rendered":"<p>Bonnet souple, l\u00e9ger et discret, avec une boucle i-cord design sur le dessus. Vous pouvez porter ce bonnet avec ou sans bord rabattu, pour un look plus d\u00e9contract\u00e9. D\u00e9corez-le avec des broderies ornementales dans un fil contrastant pour rendre chaque bonnet vraiment unique.<\/p>\n<h2>Ce que vous obtenez<\/h2>\n<ul>\n<li>Detailed, row by row written instructions<\/li>\n<li>Abr\u00e9viations claires et explications des points sp\u00e9ciaux<\/li>\n<li>Step by step descriptions<\/li>\n<li>Suitable for knitters from confident beginner to advanced<\/li>\n<li>Quick project \u2013 you can finish the hat in one evening<\/li>\n<\/ul>\n<h2>MAT\u00c9RIAUX<\/h2>\n<ul>\n<li>2 skeins of Drops Air (65% Alpaca, 28% Polyamide, 7% Wool, 150 m\/50 g) are held together (300m\/100gr)<\/li>\n<li>Aiguilles circulaires de 7 mm sur un cordon de 40 cm<\/li>\n<li>Aiguilles doubles pointes ou circulaires de 7 mm pour tricoter le cordon i-cord et fermer le bonnet<\/li>\n<li>Tapestry needle for weaving in ends and finishing<\/li>\n<\/ul>\n<h2>JAUGE<\/h2>\n<p><strong>10 sts x 16 rows = 10 x 10 cm<\/strong> in main pattern after blocking.<\/p>\n<h2>TAILLE ET COUPE<\/h2>\n<p><strong>Convient \u00e0 un tour de t\u00eate adulte d&#x27;environ 52 \u00e0 56 cm.<\/strong><br \/>Peut \u00eatre port\u00e9 avec ou sans visi\u00e8re rabattue.<\/p>\n<p>For related patterns, see <a href=\"https:\/\/hollywool.eu\/fr\/pattern-stairway-hat\/\">Mod\u00e8le de chapeau d&#039;escalier<\/a> ou <a href=\"https:\/\/hollywool.eu\/fr\/pattern-anina-hat\/\">Patron du chapeau Anina<\/a>.<\/p>\n<h2>Fil recommand\u00e9<\/h2>\n<ul>\n<li>DROPS Air (65% Alpaca, 28% Polyamide, 7% Wool, 150 m\/50 g)<\/li>\n<\/ul>","protected":false},"excerpt":{"rendered":"<p>Craft cozy elegance with DROPS Air using our Pattern Loop Hat design\u2014perfect for keeping warm in style with 7.0 mm needles.<\/p>","protected":false},"featured_media":32878,"comment_status":"open","ping_status":"closed","template":"","meta":[],"product_brand":[],"product_cat":[27],"product_tag":[3275,3299,3321],"class_list":{"0":"post-32888","1":"product","2":"type-product","3":"status-publish","4":"has-post-thumbnail","6":"product_cat-patterns","7":"product_tag-alpaca","8":"product_tag-hat","9":"product_tag-knitting-pattern","11":"first","12":"instock","13":"downloadable","14":"virtual","15":"taxable","16":"purchasable","17":"product-type-simple"},"_links":{"self":[{"href":"https:\/\/hollywool.eu\/fr\/wp-json\/wp\/v2\/product\/32888","targetHints":{"allow":["GET"]}}],"collection":[{"href":"https:\/\/hollywool.eu\/fr\/wp-json\/wp\/v2\/product"}],"about":[{"href":"https:\/\/hollywool.eu\/fr\/wp-json\/wp\/v2\/types\/product"}],"replies":[{"embeddable":true,"href":"https:\/\/hollywool.eu\/fr\/wp-json\/wp\/v2\/comments?post=32888"}],"wp:featuredmedia":[{"embeddable":true,"href":"https:\/\/hollywool.eu\/fr\/wp-json\/wp\/v2\/media\/32878"}],"wp:attachment":[{"href":"https:\/\/hollywool.eu\/fr\/wp-json\/wp\/v2\/media?parent=32888"}],"wp:term":[{"taxonomy":"product_brand","embeddable":true,"href":"https:\/\/hollywool.eu\/fr\/wp-json\/wp\/v2\/product_brand?post=32888"},{"taxonomy":"product_cat","embeddable":true,"href":"https:\/\/hollywool.eu\/fr\/wp-json\/wp\/v2\/product_cat?post=32888"},{"taxonomy":"product_tag","embeddable":true,"href":"https:\/\/hollywool.eu\/fr\/wp-json\/wp\/v2\/product_tag?post=32888"}],"curies":[{"name":"wp","href":"https:\/\/api.w.org\/{rel}","templated":true}]}}