{"id":32859,"date":"2026-01-06T15:39:14","date_gmt":"2026-01-06T13:39:14","guid":{"rendered":"https:\/\/hollywool.eu\/pattern-colette\/"},"modified":"2026-04-12T15:31:22","modified_gmt":"2026-04-12T13:31:22","slug":"pattern-colette","status":"publish","type":"product","link":"https:\/\/hollywool.eu\/fr\/pattern-colette\/","title":{"rendered":"Motif Colette"},"content":{"rendered":"<p>Colette Cardigan pattern is a relaxed, top down cardigan with an elegant Japanese shoulder line and clean, modern look. The body is worked flat in rows from the neck down in classic stockinette stitch, which gives the garment a beautiful drape and great fit. The silhouette is oversized with approximately 22 cm \/ 8.75\u2033 of positive ease, perfect for layering over shirts and dresses.<\/p>\n<p>Les manches sont reprises \u00e0 l&#x27;emmanchure et tricot\u00e9es en rond jusqu&#x27;aux poignets avec des diminutions soign\u00e9es. Toutes les finitions \u2013 c\u00f4tes 1\u00d71 sur la bande de boutonnage, les poignets, l&#x27;ourlet et l&#x27;encolure \u2013 sont bord\u00e9es d&#x27;une finition tubulaire soign\u00e9e afin que le cardigan ait un aspect impeccable et soit pr\u00eat \u00e0 \u00eatre port\u00e9 d\u00e8s sa sortie des aiguilles.<\/p>\n<p>Le patron comprend des instructions \u00e9crites d\u00e9taill\u00e9es, des remarques utiles pour les \u00e9tapes les plus complexes et des liens vers des tutoriels vid\u00e9o, afin que vous ne vous perdiez pas dans les parties difficiles.<\/p>\n<h2>Colette Cardigan Pattern \u2014 Sizes<\/h2>\n<p>XS, S, M, L, XL, XXL Designed to be worn with around 22 cm \/ 8.75\u2033 of positive ease. Bust measurements of the wearer: XS 75\u201380 cm, S 82\u201388 cm, M 90\u201398 cm, L 100\u2013108 cm, XL 110\u2013120 cm, XXL 120\u2013130 cm.<\/p>\n<h2>Jauge<\/h2>\n<p>18 sts \u00d7 24 rows = 10 \u00d7 10 cm \/ 4\u2033 \u00d7 4\u2033 in stockinette stitch after blocking, knit flat. Work a swatch, wash and dry it flat, then measure and adjust needle size if needed to match gauge.<\/p>\n<h2>Fil<\/h2>\n<ul>\n<li><a href=\"https:\/\/hollywool.eu\/fr\/sandnes-garn-peer-gynt\/\">Sandnes Garn Peer Gynt<\/a>, 100% wool, 91 m \/ 50 g<\/li>\n<\/ul>\n<p>ou<\/p>\n<ul>\n<li><a href=\"https:\/\/hollywool.eu\/fr\/novita-7-veljesta-nummi\/\">Novita 7 Brothers Nummi<\/a>, 76% wool, 20% polyamide, 4% viscose, 200 m \/ 100 g<\/li>\n<\/ul>\n<p>Longueur : 10 \/ 11 \/ 12 \/ 13 \/ 14 \/ 15 pelotes, tricot\u00e9es avec un seul fil.<\/p>\n<h2>Needles and Notions<\/h2>\n<ul>\n<li>Aiguilles circulaires 4,5 mm pour le tissu principal<\/li>\n<li>Aiguilles circulaires de 4,0 mm pour les c\u00f4tes des poignets, de l&#x27;ourlet, de l&#x27;encolure et des bandes de boutonnage, ou toute autre taille d&#x27;aiguille n\u00e9cessaire pour obtenir l&#x27;\u00e9chantillon.<\/li>\n<li>Marqueurs de mailles, compteur de rangs, m\u00e8tre ruban, aiguille \u00e0 tapisserie<\/li>\n<li>Fils de rebut ou c\u00e2ble suppl\u00e9mentaire, 5 boutons.<\/li>\n<\/ul>","protected":false},"excerpt":{"rendered":"<p>Colette Cardigan pattern is a relaxed, oversized cardigan, worked top-down from the neck in stockinette for a smooth drape and a comfortable 8.75 inches of positive ease. The sleeves are picked up at the armhole and worked in the round with neat decreases, finished with 1\u00d71 tubular rib on the cuffs, hem, and neckline. Sizes XS\u2013XXL are included along with notes and video tutorials.<\/p>","protected":false},"featured_media":32855,"comment_status":"open","ping_status":"closed","template":"","meta":[],"product_brand":[],"product_cat":[27],"product_tag":[3321],"class_list":{"0":"post-32859","1":"product","2":"type-product","3":"status-publish","4":"has-post-thumbnail","6":"product_cat-patterns","7":"product_tag-knitting-pattern","9":"first","10":"instock","11":"downloadable","12":"virtual","13":"taxable","14":"purchasable","15":"product-type-simple"},"_links":{"self":[{"href":"https:\/\/hollywool.eu\/fr\/wp-json\/wp\/v2\/product\/32859","targetHints":{"allow":["GET"]}}],"collection":[{"href":"https:\/\/hollywool.eu\/fr\/wp-json\/wp\/v2\/product"}],"about":[{"href":"https:\/\/hollywool.eu\/fr\/wp-json\/wp\/v2\/types\/product"}],"replies":[{"embeddable":true,"href":"https:\/\/hollywool.eu\/fr\/wp-json\/wp\/v2\/comments?post=32859"}],"wp:featuredmedia":[{"embeddable":true,"href":"https:\/\/hollywool.eu\/fr\/wp-json\/wp\/v2\/media\/32855"}],"wp:attachment":[{"href":"https:\/\/hollywool.eu\/fr\/wp-json\/wp\/v2\/media?parent=32859"}],"wp:term":[{"taxonomy":"product_brand","embeddable":true,"href":"https:\/\/hollywool.eu\/fr\/wp-json\/wp\/v2\/product_brand?post=32859"},{"taxonomy":"product_cat","embeddable":true,"href":"https:\/\/hollywool.eu\/fr\/wp-json\/wp\/v2\/product_cat?post=32859"},{"taxonomy":"product_tag","embeddable":true,"href":"https:\/\/hollywool.eu\/fr\/wp-json\/wp\/v2\/product_tag?post=32859"}],"curies":[{"name":"wp","href":"https:\/\/api.w.org\/{rel}","templated":true}]}}