{"id":32700,"date":"2026-01-06T15:36:18","date_gmt":"2026-01-06T13:36:18","guid":{"rendered":"https:\/\/hollywool.eu\/pattern-grandpa-socks\/"},"modified":"2026-04-12T05:59:44","modified_gmt":"2026-04-12T03:59:44","slug":"pattern-grandpa-socks","status":"publish","type":"product","link":"https:\/\/hollywool.eu\/fr\/pattern-grandpa-socks\/","title":{"rendered":"Mod\u00e8le Chaussettes Grand-p\u00e8re"},"content":{"rendered":"<p>Les chaussettes Grandpa sont des chaussettes classiques et chaudes, tricot\u00e9es en rond de haut en bas avec le fil Novita 7 Brothers. La tige et le dessus du pied pr\u00e9sentent une texture simple 4 m, 2 m avec un petit torsad\u00e9, le talon est un talon allemand \u00e0 rangs raccourcis et la pointe est finie avec une couture Kitchener.<\/p>\n<h2>Mat\u00e9riels:<\/h2>\n<ul>\n<li>Novita 7 Brothers, 76 % laine %, 20 % polyamide %, 4 % viscose % (100 g\/200 m)<\/li>\n<li>Aiguilles doubles pointes de 3,5 mm ou circulaires<\/li>\n<li>marqueurs de mailles, y compris marqueur BOR<\/li>\n<li>Aiguille \u00e0 tapisserie pour le point de Kitchener et le tissage des extr\u00e9mit\u00e9s<\/li>\n<\/ul>\n<h2>Utilisation du fil :<\/h2>\n<p>1 pelote pour la taille 40-42, 2 pelotes pour la taille 42-45<\/p>\n<h2>Jauge:<\/h2>\n<p><strong>18 sts and 28 rnds = 10 x 10 cm<\/strong> in stockinette in the round after blocking<\/p>\n<h2>Tailles :<\/h2>\n<p><strong>Convient aux pointures europ\u00e9ennes 40-45, longueur du pied r\u00e9glable pendant le tricot.<\/strong><\/p>\n<h2>Construction :<\/h2>\n<ul>\n<li>travay\u00e9 de haut en bas en rond<\/li>\n<li>Talon allemand \u00e0 rangs raccourcis<\/li>\n<li>pied : cou-de-pied en motif, semelle en jersey<\/li>\n<li>en forme d&#x27;orteil avec diminutions et greff\u00e9 \u00e0 l&#x27;aide du point de Kitchener<\/li>\n<\/ul>\n<h2>Notions :<\/h2>\n<p>Le mod\u00e8le comprend des tutoriels photo et vid\u00e9o \u00e9tape par \u00e9tape et convient \u00e0 tous les niveaux, des d\u00e9butants confiants aux tricoteurs confirm\u00e9s.<\/p>\n<p>For similar patterns, see <a href=\"https:\/\/hollywool.eu\/fr\/pattern-socks-boomerang\/\">Patron Chaussettes Boomerang<\/a> et <a href=\"https:\/\/hollywool.eu\/fr\/pattern-socks-beautiful\/\">Motif de chaussettes magnifiques<\/a>.<\/p>","protected":false},"excerpt":{"rendered":"<p>Create cozy heirloom socks with 7 Veljest\u00e4 Nummi Aran yarn, perfect for knitting enthusiasts seeking warmth and durability.<\/p>","protected":false},"featured_media":32695,"comment_status":"open","ping_status":"closed","template":"","meta":[],"product_brand":[],"product_cat":[27],"product_tag":[3321,3294],"class_list":{"0":"post-32700","1":"product","2":"type-product","3":"status-publish","4":"has-post-thumbnail","6":"product_cat-patterns","7":"product_tag-knitting-pattern","8":"product_tag-socks","10":"first","11":"instock","12":"downloadable","13":"virtual","14":"taxable","15":"purchasable","16":"product-type-simple"},"_links":{"self":[{"href":"https:\/\/hollywool.eu\/fr\/wp-json\/wp\/v2\/product\/32700","targetHints":{"allow":["GET"]}}],"collection":[{"href":"https:\/\/hollywool.eu\/fr\/wp-json\/wp\/v2\/product"}],"about":[{"href":"https:\/\/hollywool.eu\/fr\/wp-json\/wp\/v2\/types\/product"}],"replies":[{"embeddable":true,"href":"https:\/\/hollywool.eu\/fr\/wp-json\/wp\/v2\/comments?post=32700"}],"wp:featuredmedia":[{"embeddable":true,"href":"https:\/\/hollywool.eu\/fr\/wp-json\/wp\/v2\/media\/32695"}],"wp:attachment":[{"href":"https:\/\/hollywool.eu\/fr\/wp-json\/wp\/v2\/media?parent=32700"}],"wp:term":[{"taxonomy":"product_brand","embeddable":true,"href":"https:\/\/hollywool.eu\/fr\/wp-json\/wp\/v2\/product_brand?post=32700"},{"taxonomy":"product_cat","embeddable":true,"href":"https:\/\/hollywool.eu\/fr\/wp-json\/wp\/v2\/product_cat?post=32700"},{"taxonomy":"product_tag","embeddable":true,"href":"https:\/\/hollywool.eu\/fr\/wp-json\/wp\/v2\/product_tag?post=32700"}],"curies":[{"name":"wp","href":"https:\/\/api.w.org\/{rel}","templated":true}]}}