{"id":32684,"date":"2026-01-06T15:36:00","date_gmt":"2026-01-06T13:36:00","guid":{"rendered":"https:\/\/hollywool.eu\/pattern-mittens-for-everyone\/"},"modified":"2026-04-04T21:05:08","modified_gmt":"2026-04-04T19:05:08","slug":"pattern-mittens-for-everyone","status":"publish","type":"product","link":"https:\/\/hollywool.eu\/fr\/pattern-mittens-for-everyone\/","title":{"rendered":"Des mitaines \u00e0 motifs pour tous"},"content":{"rendered":"<p>Il s&#x27;agit d&#x27;un patron 2 en 1, enti\u00e8rement r\u00e9dig\u00e9, \u00e9tape par \u00e9tape, pour r\u00e9aliser des mitaines en jersey que vous pouvez adapter \u00e0 toutes les tailles de mains et \u00e0 presque tous les types de laine. Tous les calculs sont expliqu\u00e9s afin que vous puissiez personnaliser l&#x27;ajustement en fonction de votre propre jauge et de vos mesures.<\/p>\n<p>Le patron comprend deux options distinctes et d\u00e9taill\u00e9es pour les pouces : un gousset classique et un gousset indien. Vous pouvez donc choisir votre construction pr\u00e9f\u00e9r\u00e9e ou tricoter les deux versions.<\/p>\n<h2>Tailles :<\/h2>\n<p><strong>Custom<\/strong> \u2013 formulas and instructions are given to calculate stitch and row counts for any hand size.<\/p>\n<h2>Jauge:<\/h2>\n<p><strong>17 sts and 26 rows = 10 x 10 cm (4 x 4 in)<\/strong> in stockinette in the round after blocking.<\/p>\n<h2>Fil \u2013 choisissez l&#x27;une des options suivantes :<\/h2>\n<ul>\n<li>BC Garn Hamelton Tweed 1 GOTS (90% laine, 10% viscose, 50 g \u2013 100 m) associ\u00e9 \u00e0 Kremke Silky Kid (72% kid mohair, 28% soie, 25 g \u2013 210 m) Tricotez avec un fil de base et un (ou deux) fils de mohair associ\u00e9s. M\u00e9trage \u2013 2 pelotes de fil de base et 1 pelote de mohair.<\/li>\n<li>Drops Air (65% alpaga, 7% laine m\u00e9rinos, 28% polyamide, 50 g \u2013 150 m) Tricotez avec deux fils ensemble. Longueur \u2013 2 pelotes.<\/li>\n<li>Kremke Babyalpaka (100% baby alpaga, 50 g \u2013 100 m) associ\u00e9 \u00e0 Kremke Alpaka Boucle (89% alpaga, 11% polyamide, 50 g \u2013 250 m) ou avec Kremke Silky Kid (72% kid mohair, 28% soie, 25 g \u2013 210 m) Travaillez avec un fil de base et un (ou deux) fils boucl\u00e9 ou mohair assembl\u00e9s. M\u00e9trage \u2013 2 pelotes de fil de base et 1 \u00e9cheveau de boucl\u00e9 (ou 1 pelote de mohair).<\/li>\n<li>Kremke Merry Merino 140 (100% laine m\u00e9rinos, 50 g \u2013 140 m) associ\u00e9 \u00e0 Kremke Alpaka Boucle (89% alpaga, 11% polyamide, 50 g \u2013 250 m) Tricotez avec un fil de base et un (ou deux) fils boucl\u00e9s associ\u00e9s. Longueur : 1 \u00e9cheveau de fil de base et 1 pelote de boucl\u00e9.<\/li>\n<\/ul>\n<p>Vous pouvez \u00e9galement ajouter une touche subtile de brillance avec Kremke Stellaris ou Kremke Twinkle. Le motif est bas\u00e9 sur la jauge, vous \u00eates donc libre de choisir d&#x27;autres fils et combinaisons qui vous plaisent pour vos mitaines.<\/p>\n<h2>Aiguilles et accessoires :<\/h2>\n<ul>\n<li>Aiguilles doubles pointes ou aiguilles circulaires (80-100 cm) adapt\u00e9es au magic loop, d&#x27;une taille permettant d&#x27;obtenir un jersey bien serr\u00e9 avec le fil choisi.<\/li>\n<li>Aiguille \u00e0 tapisserie<\/li>\n<li>Marqueurs de mailles<\/li>\n<li>M\u00e8tre \u00e0 ruban<\/li>\n<li>Ciseaux<\/li>\n<\/ul>","protected":false},"excerpt":{"rendered":"<p>Create cozy mittens with Lion Brand&#8217;s worsted weight yarn, perfect for US size 5 needles. Soft and durable for all your winter projects!<\/p>","protected":false},"featured_media":32674,"comment_status":"open","ping_status":"closed","template":"","meta":[],"product_brand":[],"product_cat":[27],"product_tag":[3275,3316,3311,3321,3274,3277,3278,3315],"class_list":{"0":"post-32684","1":"product","2":"type-product","3":"status-publish","4":"has-post-thumbnail","6":"product_cat-patterns","7":"product_tag-alpaca","8":"product_tag-boucle","9":"product_tag-gots-certified","10":"product_tag-knitting-pattern","11":"product_tag-merino","12":"product_tag-mohair","13":"product_tag-silk","14":"product_tag-tweed","16":"first","17":"instock","18":"downloadable","19":"virtual","20":"taxable","21":"purchasable","22":"product-type-simple"},"_links":{"self":[{"href":"https:\/\/hollywool.eu\/fr\/wp-json\/wp\/v2\/product\/32684","targetHints":{"allow":["GET"]}}],"collection":[{"href":"https:\/\/hollywool.eu\/fr\/wp-json\/wp\/v2\/product"}],"about":[{"href":"https:\/\/hollywool.eu\/fr\/wp-json\/wp\/v2\/types\/product"}],"replies":[{"embeddable":true,"href":"https:\/\/hollywool.eu\/fr\/wp-json\/wp\/v2\/comments?post=32684"}],"wp:featuredmedia":[{"embeddable":true,"href":"https:\/\/hollywool.eu\/fr\/wp-json\/wp\/v2\/media\/32674"}],"wp:attachment":[{"href":"https:\/\/hollywool.eu\/fr\/wp-json\/wp\/v2\/media?parent=32684"}],"wp:term":[{"taxonomy":"product_brand","embeddable":true,"href":"https:\/\/hollywool.eu\/fr\/wp-json\/wp\/v2\/product_brand?post=32684"},{"taxonomy":"product_cat","embeddable":true,"href":"https:\/\/hollywool.eu\/fr\/wp-json\/wp\/v2\/product_cat?post=32684"},{"taxonomy":"product_tag","embeddable":true,"href":"https:\/\/hollywool.eu\/fr\/wp-json\/wp\/v2\/product_tag?post=32684"}],"curies":[{"name":"wp","href":"https:\/\/api.w.org\/{rel}","templated":true}]}}