{"id":3256,"date":"2025-04-01T16:23:35","date_gmt":"2025-04-01T14:23:35","guid":{"rendered":"https:\/\/hollywool.eu\/product\/drops-nepal\/"},"modified":"2026-04-25T18:53:27","modified_gmt":"2026-04-25T16:53:27","slug":"drops-nepal","status":"publish","type":"product","link":"https:\/\/hollywool.eu\/fr\/drops-nepal\/","title":{"rendered":"DROPS N\u00e9pal"},"content":{"rendered":"<h2>Mat\u00e9riaux et sp\u00e9cifications<\/h2>\n<p>DROPS Nepal est un fil luxueux qui combine 35% d&#x27;alpaga et 65% de laine, offrant une texture unique \u00e0 la fois douce et chaude. Ce fil haut de gamme est r\u00e9put\u00e9 pour son excellent tomb\u00e9 et son fini lisse, ce qui en fait un favori parmi les tricoteurs et les crocheteurs. Le m\u00e9lange d&#x27;alpaga et de laine garantit un toucher doux contre la peau tout en offrant la durabilit\u00e9 n\u00e9cessaire pour un usage quotidien.<\/p>\n<ul>\n<li><strong>Composition :<\/strong> 35% Alpaga, 65% Laine<\/li>\n<li><strong>Poids:<\/strong> 50 g par \u00e9cheveau<\/li>\n<li><strong>Longueur:<\/strong> 75 m par \u00e9cheveau<\/li>\n<li><strong>Taille de l&#039;aiguille :<\/strong> 5,0 mm<\/li>\n<li><strong>Jauge:<\/strong> 17,0 m = 10 cm (17,0 m = 4 pouces)<\/li>\n<\/ul>\n<p>La cat\u00e9gorie de poids aran du fil garantit une d\u00e9finition robuste des mailles, parfaite pour mettre en valeur des motifs complexes. Sa souplesse lui permet de glisser facilement sur les aiguilles, ce qui le rend tr\u00e8s agr\u00e9able \u00e0 travailler.<\/p>\n<h2>Parfait pour<\/h2>\n<p>DROPS Nepal est id\u00e9al pour cr\u00e9er des pulls confortables, des cardigans chauds et des accessoires \u00e9l\u00e9gants tels que des bonnets et des \u00e9charpes. Sa texture robuste est parfaite pour les articles de d\u00e9coration int\u00e9rieure tels que les plaids et les housses de coussin, apportant \u00e0 la fois chaleur et style.<\/p>\n<p>Que vous soyez d\u00e9butant ou expert, ce fil convient \u00e0 tous les niveaux. Sa nature indulgente le rend facile \u00e0 manipuler pour les d\u00e9butants, tandis que les tricoteurs exp\u00e9riment\u00e9s appr\u00e9cieront sa polyvalence pour les motifs complexes.<\/p>\n<h2>Pourquoi vous allez l&#039;adorer<\/h2>\n<p>La douceur du fil DROPS Nepal le rend agr\u00e9able au toucher, tandis que sa r\u00e9sistance garantit une longue dur\u00e9e de vie. Les fibres naturelles de ce fil sont faciles d&#x27;entretien et ses couleurs vives conservent leur \u00e9clat au fil du temps.<\/p>\n<p>Tricoter avec DROPS Nepal est une exp\u00e9rience tr\u00e8s agr\u00e9able ; le fil est luxueux au toucher et conserve bien sa forme, garantissant ainsi des mailles parfaitement d\u00e9finies. Il est id\u00e9al pour cr\u00e9er des cadeaux pr\u00e9cieux ou des projets personnels que leurs destinataires ch\u00e9riront.<\/p>\n<h2>Conseils d&#039;entretien<\/h2>\n<p>Pour pr\u00e9server la qualit\u00e9 de DROPS Nepal, lavez vos ouvrages \u00e0 la main \u00e0 l&#x27;eau froide et s\u00e9chez-les \u00e0 plat. Ces soins d\u00e9licats permettent de pr\u00e9server les fibres naturelles du fil et garantissent la long\u00e9vit\u00e9 de vos cr\u00e9ations.<\/p>\n<p>Conservez votre fil dans un endroit frais et sec afin d&#x27;\u00e9viter tout dommage et de pr\u00e9server son aspect. Un stockage ad\u00e9quat permettra de conserver la texture et la couleur du fil, garantissant ainsi que vos projets resteront aussi beaux qu&#x27;au jour o\u00f9 ils ont \u00e9t\u00e9 r\u00e9alis\u00e9s.<\/p>\n<p><a class=\"button is-small is-outline\" href=\"https:\/\/hollywool.eu\/fr\/drops-karisma\/\">DROPS Karisma<\/a> <a class=\"button is-small is-outline\" href=\"https:\/\/hollywool.eu\/fr\/drops-alpaa-100\/\">DROPS Alpaga 100%<\/a> <a class=\"button is-small is-outline\" href=\"https:\/\/hollywool.eu\/fr\/drops-brushed-alpaca-silk\/\">Soie d&#039;alpaga bross\u00e9e DROPS<\/a><\/p>","protected":false},"excerpt":{"rendered":"<p>Experience the luxurious softness of DROPS Nepal, a versatile Aran yarn blending 35% Alpaca and 65% Wool, perfect for cozy, warm creations.<\/p>","protected":false},"featured_media":3255,"comment_status":"open","ping_status":"closed","template":"","meta":[],"product_brand":[1647],"product_cat":[37],"product_tag":[3275,3303,3278],"class_list":{"0":"post-3256","1":"product","2":"type-product","3":"status-publish","4":"has-post-thumbnail","6":"product_brand-drops","7":"product_cat-drops","8":"product_tag-alpaca","9":"product_tag-drops","10":"product_tag-silk","12":"first","13":"outofstock","14":"taxable","15":"shipping-taxable","16":"purchasable","17":"product-type-variable"},"_links":{"self":[{"href":"https:\/\/hollywool.eu\/fr\/wp-json\/wp\/v2\/product\/3256","targetHints":{"allow":["GET"]}}],"collection":[{"href":"https:\/\/hollywool.eu\/fr\/wp-json\/wp\/v2\/product"}],"about":[{"href":"https:\/\/hollywool.eu\/fr\/wp-json\/wp\/v2\/types\/product"}],"replies":[{"embeddable":true,"href":"https:\/\/hollywool.eu\/fr\/wp-json\/wp\/v2\/comments?post=3256"}],"wp:featuredmedia":[{"embeddable":true,"href":"https:\/\/hollywool.eu\/fr\/wp-json\/wp\/v2\/media\/3255"}],"wp:attachment":[{"href":"https:\/\/hollywool.eu\/fr\/wp-json\/wp\/v2\/media?parent=3256"}],"wp:term":[{"taxonomy":"product_brand","embeddable":true,"href":"https:\/\/hollywool.eu\/fr\/wp-json\/wp\/v2\/product_brand?post=3256"},{"taxonomy":"product_cat","embeddable":true,"href":"https:\/\/hollywool.eu\/fr\/wp-json\/wp\/v2\/product_cat?post=3256"},{"taxonomy":"product_tag","embeddable":true,"href":"https:\/\/hollywool.eu\/fr\/wp-json\/wp\/v2\/product_tag?post=3256"}],"curies":[{"name":"wp","href":"https:\/\/api.w.org\/{rel}","templated":true}]}}