{"id":3198,"date":"2025-04-01T16:19:51","date_gmt":"2025-04-01T14:19:51","guid":{"rendered":"https:\/\/hollywool.eu\/product\/drops-nord\/"},"modified":"2026-04-11T21:51:02","modified_gmt":"2026-04-11T19:51:02","slug":"drops-nord","status":"publish","type":"product","link":"https:\/\/hollywool.eu\/fr\/drops-nord\/","title":{"rendered":"DROPS Nord"},"content":{"rendered":"<h2>Mat\u00e9riaux et sp\u00e9cifications<\/h2>\n<p>DROPS Nord, fabriqu\u00e9 par Garnstudio, est un m\u00e9lange luxueux de laine 25%, de nylon 30% et d&#x27;alpaga 45%. Cette combinaison unique offre \u00e0 la fois r\u00e9sistance et douceur, ce qui en fait un choix id\u00e9al pour les tricoteurs et les crocheteurs \u00e0 la recherche de mat\u00e9riaux de qualit\u00e9. L&#x27;alpaga apporte une texture soyeuse et lisse, tandis que la laine ajoute chaleur et durabilit\u00e9. Le nylon assure \u00e9lasticit\u00e9 et r\u00e9sistance, parfait pour cr\u00e9er des v\u00eatements durables.<\/p>\n<ul>\n<li><strong>Composition :<\/strong> 25% Laine, 30% Nylon, 45% Alpaga<\/li>\n<li><strong>Poids:<\/strong> 50 g par \u00e9cheveau<\/li>\n<li><strong>Longueur:<\/strong> 170 m par \u00e9cheveau<\/li>\n<li><strong>Taille de l&#039;aiguille :<\/strong> 3,0 mm<\/li>\n<\/ul>\n<p>La cat\u00e9gorie de poids sport conf\u00e8re \u00e0 DROPS Nord une excellente d\u00e9finition des mailles et un joli tomb\u00e9, ce qui le rend id\u00e9al pour les motifs complexes et les mailles textur\u00e9es.<\/p>\n<h2>Parfait pour<\/h2>\n<p>DROPS Nord est parfait pour confectionner des pulls confortables, des cardigans \u00e9l\u00e9gants et des accessoires styl\u00e9s tels que des bonnets et des \u00e9charpes. Son poids l\u00e9ger est \u00e9galement id\u00e9al pour les projets de d\u00e9coration int\u00e9rieure tels que les plaids doux et les housses de coussin.<\/p>\n<p>Ce fil convient \u00e0 tous les niveaux, des d\u00e9butants aux artisans confirm\u00e9s. Sa nature indulgente en fait un excellent choix pour ceux qui d\u00e9couvrent le tricot ou le crochet, tandis que les mains exp\u00e9riment\u00e9es appr\u00e9cieront sa polyvalence dans des cr\u00e9ations plus complexes.<\/p>\n<h2>Pourquoi vous allez l&#039;adorer<\/h2>\n<p>Vous adorerez DROPS Nord pour sa douceur au toucher, qui le rend tr\u00e8s agr\u00e9able \u00e0 porter au quotidien. Sa r\u00e9sistance garantit que vos cr\u00e9ations r\u00e9sisteront \u00e0 un usage r\u00e9gulier, tandis que ses couleurs vives conserveront leur \u00e9clat au fil du temps.<\/p>\n<p>Le tricot et le crochet avec DROPS Nord sont un v\u00e9ritable plaisir : ce fil glisse sans effort sur les aiguilles et les crochets, et les mailles tiennent parfaitement. Que ce soit pour offrir ou pour vous faire plaisir, les ouvrages r\u00e9alis\u00e9s avec ce fil seront assur\u00e9ment tr\u00e8s appr\u00e9ci\u00e9s.<\/p>\n<h2>Conseils d&#039;entretien<\/h2>\n<p>Pour pr\u00e9server la qualit\u00e9 de vos cr\u00e9ations DROPS Nord, il est recommand\u00e9 de les laver d\u00e9licatement \u00e0 la main. Ce type d&#x27;entretien pr\u00e9serve la douceur et la structure du fil, garantissant ainsi sa long\u00e9vit\u00e9. \u00c9vitez toute chaleur excessive et s\u00e9chez \u00e0 plat afin de pr\u00e9server l&#x27;int\u00e9grit\u00e9 du fil.<\/p>\n<p>Conservez vos projets dans un endroit frais et sec afin d&#x27;\u00e9viter tout dommage et de pr\u00e9server leur aspect optimal au fil du temps.<\/p>\n<p><a class=\"button is-small is-outline\" href=\"https:\/\/hollywool.eu\/fr\/drops-karisma\/\">DROPS Karisma<\/a> <a class=\"button is-small is-outline\" href=\"https:\/\/hollywool.eu\/fr\/drops-alpaa-100\/\">DROPS Alpaga 100%<\/a> <a class=\"button is-small is-outline\" href=\"https:\/\/hollywool.eu\/fr\/drops-brushed-alpaca-silk\/\">Soie d&#039;alpaga bross\u00e9e DROPS<\/a><\/p>","protected":false},"excerpt":{"rendered":"<p>Experience the luxurious softness of DROPS Nord, a versatile blend of alpaca, wool, and nylon\u2014perfect for your sport-weight projects.<\/p>","protected":false},"featured_media":3197,"comment_status":"open","ping_status":"closed","template":"","meta":[],"product_brand":[1647],"product_cat":[37],"product_tag":[3275,3303,3278],"class_list":{"0":"post-3198","1":"product","2":"type-product","3":"status-publish","4":"has-post-thumbnail","6":"product_brand-drops","7":"product_cat-drops","8":"product_tag-alpaca","9":"product_tag-drops","10":"product_tag-silk","12":"first","13":"instock","14":"taxable","15":"shipping-taxable","16":"purchasable","17":"product-type-variable"},"_links":{"self":[{"href":"https:\/\/hollywool.eu\/fr\/wp-json\/wp\/v2\/product\/3198","targetHints":{"allow":["GET"]}}],"collection":[{"href":"https:\/\/hollywool.eu\/fr\/wp-json\/wp\/v2\/product"}],"about":[{"href":"https:\/\/hollywool.eu\/fr\/wp-json\/wp\/v2\/types\/product"}],"replies":[{"embeddable":true,"href":"https:\/\/hollywool.eu\/fr\/wp-json\/wp\/v2\/comments?post=3198"}],"wp:featuredmedia":[{"embeddable":true,"href":"https:\/\/hollywool.eu\/fr\/wp-json\/wp\/v2\/media\/3197"}],"wp:attachment":[{"href":"https:\/\/hollywool.eu\/fr\/wp-json\/wp\/v2\/media?parent=3198"}],"wp:term":[{"taxonomy":"product_brand","embeddable":true,"href":"https:\/\/hollywool.eu\/fr\/wp-json\/wp\/v2\/product_brand?post=3198"},{"taxonomy":"product_cat","embeddable":true,"href":"https:\/\/hollywool.eu\/fr\/wp-json\/wp\/v2\/product_cat?post=3198"},{"taxonomy":"product_tag","embeddable":true,"href":"https:\/\/hollywool.eu\/fr\/wp-json\/wp\/v2\/product_tag?post=3198"}],"curies":[{"name":"wp","href":"https:\/\/api.w.org\/{rel}","templated":true}]}}