{"id":256,"date":"2025-04-01T10:40:25","date_gmt":"2025-04-01T08:40:25","guid":{"rendered":"https:\/\/hollywool.eu\/product\/drops-fabel\/"},"modified":"2026-04-12T00:49:09","modified_gmt":"2026-04-11T22:49:09","slug":"drops-fabel","status":"publish","type":"product","link":"https:\/\/hollywool.eu\/fr\/drops-fabel\/","title":{"rendered":"DROPS Fabel"},"content":{"rendered":"<h2>Mat\u00e9riaux et sp\u00e9cifications<\/h2>\n<p>DROPS Fabel est un fil polyvalent et r\u00e9sistant propos\u00e9 par Garnstudio. Ce fil haut de gamme associe 75% de laine \u00e0 25% de nylon, offrant un \u00e9quilibre parfait entre chaleur et r\u00e9sistance. La laine naturelle apporte une texture douce et confortable, tandis que le nylon ajoute r\u00e9sistance et \u00e9lasticit\u00e9, ce qui le rend id\u00e9al pour une grande vari\u00e9t\u00e9 de projets de tricot et de crochet.<\/p>\n<ul>\n<li><strong>Composition :<\/strong> 25% Nylon, 75% Laine<\/li>\n<li><strong>Poids:<\/strong> 50 g par \u00e9cheveau<\/li>\n<li><strong>Longueur:<\/strong> 205 m par \u00e9cheveau<\/li>\n<li><strong>Taille de l&#039;aiguille :<\/strong> 2,0 mm \u2013 2,75 mm<\/li>\n<\/ul>\n<p>La cat\u00e9gorie de poids \u00ab fingering \u00bb de ce fil garantit un tomb\u00e9 l\u00e9ger et a\u00e9rien, id\u00e9al pour cr\u00e9er des motifs complexes avec une excellente d\u00e9finition.<\/p>\n<h2>Parfait pour<\/h2>\n<p>DROPS Fabel est id\u00e9al pour r\u00e9aliser une grande vari\u00e9t\u00e9 de projets, des pulls et cardigans confortables aux accessoires d\u00e9licats tels que les ch\u00e2les et les chaussettes. Sa texture fine le rend parfait pour les travaux minutieux, mettant en valeur les motifs torsad\u00e9s et ajour\u00e9s.<\/p>\n<p>Ce fil convient parfaitement aux tricoteurs et crocheteurs de tous niveaux. Les d\u00e9butants appr\u00e9cieront sa facilit\u00e9 d&#x27;utilisation, tandis que les artisans exp\u00e9riment\u00e9s adoreront sa capacit\u00e9 \u00e0 s&#x27;adapter facilement aux techniques avanc\u00e9es.<\/p>\n<h2>Pourquoi vous allez l&#039;adorer<\/h2>\n<p>Vous allez adorer DROPS Fabel pour sa douceur au toucher et sa r\u00e9sistance, qui garantissent que vos cr\u00e9ations r\u00e9sisteront \u00e0 l&#x27;usure quotidienne. Les propri\u00e9t\u00e9s de r\u00e9tention des couleurs de ce fil permettent \u00e0 vos projets de conserver leur \u00e9clat m\u00eame apr\u00e8s de nombreux lavages.<\/p>\n<p>Tricoter ou crocheter avec DROPS Fabel est une exp\u00e9rience tr\u00e8s agr\u00e9able. Le fil glisse facilement sur les aiguilles, tient bien les mailles et sa l\u00e9g\u00e8ret\u00e9 le rend parfait pour les petits comme pour les grands projets. Que vous r\u00e9alisiez un cadeau ou quelque chose pour vous-m\u00eame, les articles confectionn\u00e9s avec DROPS Fabel seront \u00e0 coup s\u00fbr tr\u00e8s appr\u00e9ci\u00e9s.<\/p>\n<h2>Conseils d&#039;entretien<\/h2>\n<p>Pour pr\u00e9server la qualit\u00e9 de vos projets DROPS Fabel, lavez-les \u00e0 la main \u00e0 l&#x27;eau froide et s\u00e9chez-les \u00e0 plat. Ces soins d\u00e9licats pr\u00e9servent les fibres naturelles de la laine et la r\u00e9sistance du nylon, garantissant ainsi leur long\u00e9vit\u00e9.<\/p>\n<p>Conservez votre fil dans un endroit frais et sec afin d&#x27;\u00e9viter tout dommage caus\u00e9 par l&#x27;humidit\u00e9 ou les parasites, et de garder vos \u00e9cheveaux en parfait \u00e9tat pour vos futurs projets.<\/p>\n<p><a class=\"button is-small is-outline\" href=\"https:\/\/hollywool.eu\/fr\/drops-karisma\/\">DROPS Karisma<\/a> <a class=\"button is-small is-outline\" href=\"https:\/\/hollywool.eu\/fr\/drops-alpaa-100\/\">DROPS Alpaga 100%<\/a> <a class=\"button is-small is-outline\" href=\"https:\/\/hollywool.eu\/fr\/drops-brushed-alpaca-silk\/\">Soie d&#039;alpaga bross\u00e9e DROPS<\/a><\/p>","protected":false},"excerpt":{"rendered":"<p>Experience the silky softness of DROPS Fabel, a versatile blend of 75% wool and 25% nylon, perfect for delicate, durable creations.<\/p>","protected":false},"featured_media":255,"comment_status":"open","ping_status":"closed","template":"","meta":[],"product_brand":[1647],"product_cat":[37],"product_tag":[3275,3303,3278],"class_list":{"0":"post-256","1":"product","2":"type-product","3":"status-publish","4":"has-post-thumbnail","6":"product_brand-drops","7":"product_cat-drops","8":"product_tag-alpaca","9":"product_tag-drops","10":"product_tag-silk","12":"first","13":"instock","14":"taxable","15":"shipping-taxable","16":"purchasable","17":"product-type-variable"},"_links":{"self":[{"href":"https:\/\/hollywool.eu\/fr\/wp-json\/wp\/v2\/product\/256","targetHints":{"allow":["GET"]}}],"collection":[{"href":"https:\/\/hollywool.eu\/fr\/wp-json\/wp\/v2\/product"}],"about":[{"href":"https:\/\/hollywool.eu\/fr\/wp-json\/wp\/v2\/types\/product"}],"replies":[{"embeddable":true,"href":"https:\/\/hollywool.eu\/fr\/wp-json\/wp\/v2\/comments?post=256"}],"wp:featuredmedia":[{"embeddable":true,"href":"https:\/\/hollywool.eu\/fr\/wp-json\/wp\/v2\/media\/255"}],"wp:attachment":[{"href":"https:\/\/hollywool.eu\/fr\/wp-json\/wp\/v2\/media?parent=256"}],"wp:term":[{"taxonomy":"product_brand","embeddable":true,"href":"https:\/\/hollywool.eu\/fr\/wp-json\/wp\/v2\/product_brand?post=256"},{"taxonomy":"product_cat","embeddable":true,"href":"https:\/\/hollywool.eu\/fr\/wp-json\/wp\/v2\/product_cat?post=256"},{"taxonomy":"product_tag","embeddable":true,"href":"https:\/\/hollywool.eu\/fr\/wp-json\/wp\/v2\/product_tag?post=256"}],"curies":[{"name":"wp","href":"https:\/\/api.w.org\/{rel}","templated":true}]}}