{"id":1989,"date":"2025-04-01T13:43:49","date_gmt":"2025-04-01T11:43:49","guid":{"rendered":"https:\/\/hollywool.eu\/product\/drops-alaska\/"},"modified":"2026-04-11T21:58:27","modified_gmt":"2026-04-11T19:58:27","slug":"drops-alaska","status":"publish","type":"product","link":"https:\/\/hollywool.eu\/fr\/drops-alaska\/","title":{"rendered":"DROPS Alaska"},"content":{"rendered":"<h2>Mat\u00e9riaux et sp\u00e9cifications<\/h2>\n<p>DROPS Alaska est un fil classique et tr\u00e8s appr\u00e9ci\u00e9 des tricoteurs \u00e0 la recherche de qualit\u00e9 et de chaleur. Ce fil, fabriqu\u00e9 \u00e0 partir de laine 100%, offre un toucher naturel et rustique, parfait pour des cr\u00e9ations douillettes. Chaque pelote p\u00e8se 50 g et offre 70 m de fil luxueux de type Aran, id\u00e9al pour divers projets. La taille d&#x27;aiguille recommand\u00e9e varie de 4,5 mm \u00e0 5,5 mm, ce qui garantit la polyvalence de vos projets de tricot. Faisant partie de la marque Garnstudio, DROPS Alaska jouit d&#x27;une r\u00e9putation d&#x27;excellence.<\/p>\n<ul>\n<li><strong>Composition :<\/strong> Laine 100%<\/li>\n<li><strong>Poids:<\/strong> 50 g par \u00e9cheveau<\/li>\n<li><strong>Longueur:<\/strong> 70 m par \u00e9cheveau<\/li>\n<li><strong>Cat\u00e9gorie de poids du fil :<\/strong> Aran<\/li>\n<li><strong>Aiguilles recommand\u00e9es :<\/strong> 4,5 mm \u2013 5,5 mm<\/li>\n<li><strong>Marque:<\/strong> Garnstudio<\/li>\n<\/ul>\n<h2>Parfait pour<\/h2>\n<p>DROPS Alaska est parfait pour cr\u00e9er des pulls chauds, des \u00e9charpes douillettes et des bonnets confortables. Son \u00e9paisseur Aran le rend id\u00e9al pour les projets qui n\u00e9cessitent un peu plus de poids et de chaleur, garantissant que vos cr\u00e9ations sont \u00e0 la fois fonctionnelles et \u00e9l\u00e9gantes.<\/p>\n<h2>Pourquoi vous allez l&#039;adorer<\/h2>\n<p>Vous allez adorer DROPS Alaska pour son incroyable douceur et sa durabilit\u00e9. La composition 100 % laine 3 fils offre une excellente d\u00e9finition des mailles, ce qui en fait un fil tr\u00e8s appr\u00e9ci\u00e9 des tricoteurs qui recherchent la qualit\u00e9 et la texture. Que vous r\u00e9alisiez une simple \u00e9charpe ou un pull complexe, DROPS Alaska vous garantit le r\u00e9sultat souhait\u00e9.<\/p>\n<h2>Conseils d&#039;entretien<\/h2>\n<p>Pour pr\u00e9server la qualit\u00e9 de vos cr\u00e9ations DROPS Alaska, lavez-les d\u00e9licatement \u00e0 la main \u00e0 l&#x27;eau froide et s\u00e9chez-les \u00e0 plat. Ces conseils d&#x27;entretien vous permettront de profiter longtemps de la beaut\u00e9 de vos ouvrages faits main.<\/p>\n<p><a class=\"button is-small is-outline\" href=\"https:\/\/hollywool.eu\/fr\/drops-karisma\/\">DROPS Karisma<\/a> <a class=\"button is-small is-outline\" href=\"https:\/\/hollywool.eu\/fr\/drops-alpaa-100\/\">DROPS Alpaga 100%<\/a> <a class=\"button is-small is-outline\" href=\"https:\/\/hollywool.eu\/fr\/drops-brushed-alpaca-silk\/\">Soie d&#039;alpaga bross\u00e9e DROPS<\/a><\/p>","protected":false},"excerpt":{"rendered":"<p>Experience the luxurious softness of Garnstudio&#8217;s DROPS Alaska, a versatile 100% wool aran yarn perfect for cozy, warm creations.<\/p>","protected":false},"featured_media":1988,"comment_status":"open","ping_status":"closed","template":"","meta":[],"product_brand":[1647],"product_cat":[37],"product_tag":[3275,3303,3278],"class_list":{"0":"post-1989","1":"product","2":"type-product","3":"status-publish","4":"has-post-thumbnail","6":"product_brand-drops","7":"product_cat-drops","8":"product_tag-alpaca","9":"product_tag-drops","10":"product_tag-silk","12":"first","13":"instock","14":"taxable","15":"shipping-taxable","16":"purchasable","17":"product-type-variable"},"_links":{"self":[{"href":"https:\/\/hollywool.eu\/fr\/wp-json\/wp\/v2\/product\/1989","targetHints":{"allow":["GET"]}}],"collection":[{"href":"https:\/\/hollywool.eu\/fr\/wp-json\/wp\/v2\/product"}],"about":[{"href":"https:\/\/hollywool.eu\/fr\/wp-json\/wp\/v2\/types\/product"}],"replies":[{"embeddable":true,"href":"https:\/\/hollywool.eu\/fr\/wp-json\/wp\/v2\/comments?post=1989"}],"wp:featuredmedia":[{"embeddable":true,"href":"https:\/\/hollywool.eu\/fr\/wp-json\/wp\/v2\/media\/1988"}],"wp:attachment":[{"href":"https:\/\/hollywool.eu\/fr\/wp-json\/wp\/v2\/media?parent=1989"}],"wp:term":[{"taxonomy":"product_brand","embeddable":true,"href":"https:\/\/hollywool.eu\/fr\/wp-json\/wp\/v2\/product_brand?post=1989"},{"taxonomy":"product_cat","embeddable":true,"href":"https:\/\/hollywool.eu\/fr\/wp-json\/wp\/v2\/product_cat?post=1989"},{"taxonomy":"product_tag","embeddable":true,"href":"https:\/\/hollywool.eu\/fr\/wp-json\/wp\/v2\/product_tag?post=1989"}],"curies":[{"name":"wp","href":"https:\/\/api.w.org\/{rel}","templated":true}]}}