{"id":1863,"date":"2025-04-01T13:28:57","date_gmt":"2025-04-01T11:28:57","guid":{"rendered":"https:\/\/hollywool.eu\/product\/drops-belle\/"},"modified":"2026-04-11T21:59:07","modified_gmt":"2026-04-11T19:59:07","slug":"drops-belle","status":"publish","type":"product","link":"https:\/\/hollywool.eu\/fr\/drops-belle\/","title":{"rendered":"DROPS Belle"},"content":{"rendered":"<h2>Mat\u00e9riaux et sp\u00e9cifications<\/h2>\n<p>DROPS Belle est un fil DK polyvalent qui allie luxe et praticit\u00e9, ce qui en fait l&#x27;un des pr\u00e9f\u00e9r\u00e9s des amateurs de tricot. Gr\u00e2ce \u00e0 sa composition unique, DROPS Belle offre un m\u00e9lange exquis de 14% lin, 33% rayonne et 53% coton. Chaque \u00e9cheveau p\u00e8se 50 g et offre 120 m de magnifique fil. Ce fil est class\u00e9 dans la cat\u00e9gorie DK et s&#x27;utilise de pr\u00e9f\u00e9rence avec des aiguilles de 4,0 mm. Produit par Garnstudio, DROPS Belle se distingue par sa qualit\u00e9 et ses performances.<\/p>\n<ul>\n<li><strong>Composition :<\/strong> 14% Lin, 33% Rayonne, 53% Coton<\/li>\n<li><strong>Poids:<\/strong> 50 g par \u00e9cheveau<\/li>\n<li><strong>Longueur:<\/strong> 120 m par \u00e9cheveau<\/li>\n<li><strong>Cat\u00e9gorie de poids du fil :<\/strong> DK<\/li>\n<li><strong>Aiguilles recommand\u00e9es :<\/strong> 4,0 mm<\/li>\n<li><strong>Marque:<\/strong> Garnstudio<\/li>\n<\/ul>\n<h2>Parfait pour<\/h2>\n<p>DROPS Belle est parfait pour cr\u00e9er des v\u00eatements et des accessoires l\u00e9gers, id\u00e9aux pour le printemps et l&#x27;\u00e9t\u00e9. Son poids DK le rend adapt\u00e9 \u00e0 des projets tels que des ch\u00e2les, des tops et des v\u00eatements pour b\u00e9b\u00e9s, o\u00f9 l&#x27;on recherche un \u00e9quilibre entre chaleur et respirabilit\u00e9.<\/p>\n<h2>Pourquoi vous allez l&#039;adorer<\/h2>\n<p>Ce fil est tr\u00e8s appr\u00e9ci\u00e9 pour sa douceur et le l\u00e9ger \u00e9clat que lui conf\u00e8re la rayonne. Le lin lui apporte une touche de r\u00e9sistance, tandis que le coton garantit un confort optimal et une excellente d\u00e9finition des mailles. DROPS Belle est un plaisir \u00e0 travailler, avec sa texture lisse qui rend le tricot encore plus agr\u00e9able.<\/p>\n<h2>Conseils d&#039;entretien<\/h2>\n<p>Pour pr\u00e9server la qualit\u00e9 de vos projets, il est recommand\u00e9 de laver vos cr\u00e9ations \u00e0 la main avec soin. Le m\u00e9lange de lin, de rayonne et de coton garantit la durabilit\u00e9, mais un traitement d\u00e9licat pr\u00e9servera la douceur du fil et l&#x27;\u00e9clat des couleurs.<\/p>\n<p><a class=\"button is-small is-outline\" href=\"https:\/\/hollywool.eu\/fr\/drops-karisma\/\">DROPS Karisma<\/a> <a class=\"button is-small is-outline\" href=\"https:\/\/hollywool.eu\/fr\/drops-alpaa-100\/\">DROPS Alpaga 100%<\/a> <a class=\"button is-small is-outline\" href=\"https:\/\/hollywool.eu\/fr\/drops-brushed-alpaca-silk\/\">Soie d&#039;alpaga bross\u00e9e DROPS<\/a><\/p>","protected":false},"excerpt":{"rendered":"<p>Experience the luxurious softness and versatility of DROPS Belle, crafted with 53% cotton, 33% rayon, and 14% linen for all your DK projects.<\/p>","protected":false},"featured_media":1862,"comment_status":"open","ping_status":"closed","template":"","meta":[],"product_brand":[1647],"product_cat":[37],"product_tag":[3275,3279,3303,3280,3278],"class_list":{"0":"post-1863","1":"product","2":"type-product","3":"status-publish","4":"has-post-thumbnail","6":"product_brand-drops","7":"product_cat-drops","8":"product_tag-alpaca","9":"product_tag-cotton","10":"product_tag-drops","11":"product_tag-linen","12":"product_tag-silk","14":"first","15":"instock","16":"taxable","17":"shipping-taxable","18":"purchasable","19":"product-type-variable"},"_links":{"self":[{"href":"https:\/\/hollywool.eu\/fr\/wp-json\/wp\/v2\/product\/1863","targetHints":{"allow":["GET"]}}],"collection":[{"href":"https:\/\/hollywool.eu\/fr\/wp-json\/wp\/v2\/product"}],"about":[{"href":"https:\/\/hollywool.eu\/fr\/wp-json\/wp\/v2\/types\/product"}],"replies":[{"embeddable":true,"href":"https:\/\/hollywool.eu\/fr\/wp-json\/wp\/v2\/comments?post=1863"}],"wp:featuredmedia":[{"embeddable":true,"href":"https:\/\/hollywool.eu\/fr\/wp-json\/wp\/v2\/media\/1862"}],"wp:attachment":[{"href":"https:\/\/hollywool.eu\/fr\/wp-json\/wp\/v2\/media?parent=1863"}],"wp:term":[{"taxonomy":"product_brand","embeddable":true,"href":"https:\/\/hollywool.eu\/fr\/wp-json\/wp\/v2\/product_brand?post=1863"},{"taxonomy":"product_cat","embeddable":true,"href":"https:\/\/hollywool.eu\/fr\/wp-json\/wp\/v2\/product_cat?post=1863"},{"taxonomy":"product_tag","embeddable":true,"href":"https:\/\/hollywool.eu\/fr\/wp-json\/wp\/v2\/product_tag?post=1863"}],"curies":[{"name":"wp","href":"https:\/\/api.w.org\/{rel}","templated":true}]}}