{"id":1752,"date":"2025-04-01T13:24:43","date_gmt":"2025-04-01T11:24:43","guid":{"rendered":"https:\/\/hollywool.eu\/product\/sandnes-garn-peer-gynt\/"},"modified":"2026-04-11T21:59:57","modified_gmt":"2026-04-11T19:59:57","slug":"sandnes-garn-peer-gynt","status":"publish","type":"product","link":"https:\/\/hollywool.eu\/fr\/sandnes-garn-peer-gynt\/","title":{"rendered":"Sandnes Garn Peer Gynt"},"content":{"rendered":"<h2>Mat\u00e9riaux et sp\u00e9cifications<\/h2>\n<p>D\u00e9couvrez la qualit\u00e9 exceptionnelle du fil Sandnes Garn Peer Gynt, qui incarne le riche h\u00e9ritage de l&#x27;artisanat norv\u00e9gien. Fabriqu\u00e9 \u00e0 partir de laine 100%, ce fil offre une chaleur et une douceur naturelles qui conviennent parfaitement \u00e0 tous vos projets de tricot. Son \u00e9paisseur DK en fait un fil polyvalent qui convient \u00e0 une large gamme de v\u00eatements et d&#x27;accessoires.<\/p>\n<ul>\n<li><strong>Composition :<\/strong> Laine 100%<\/li>\n<li><strong>Poids:<\/strong> 50 g par \u00e9cheveau<\/li>\n<li><strong>Longueur:<\/strong> 91 m par \u00e9cheveau<\/li>\n<li><strong>Taille de l&#039;aiguille :<\/strong> 3,5 mm \u2013 3,75 mm<\/li>\n<\/ul>\n<p>Avec sa texture lisse et son excellent rendu des mailles, Sandnes Garn Peer Gynt vous permet de cr\u00e9er des motifs complexes qui ressortent magnifiquement. Le fil tombe avec \u00e9l\u00e9gance, ce qui le rend id\u00e9al pour cr\u00e9er des v\u00eatements qui bougent gracieusement avec celui qui les porte.<\/p>\n<h2>Parfait pour<\/h2>\n<p>Ce fil est id\u00e9al pour tricoter des pulls confortables, des cardigans \u00e9l\u00e9gants et des accessoires chauds tels que des \u00e9charpes et des bonnets. Son \u00e9paisseur DK le rend adapt\u00e9 \u00e0 la fois aux v\u00eatements l\u00e9gers et aux v\u00eatements plus chauds, vous offrant ainsi une grande polyvalence dans le choix de vos projets.<\/p>\n<p>Que vous soyez d\u00e9butant ou exp\u00e9riment\u00e9, Sandnes Garn Peer Gynt est un excellent choix. Sa texture lisse le rend facile \u00e0 travailler, tandis que la laine de haute qualit\u00e9 garantit que vos ouvrages finis seront \u00e0 la fois durables et magnifiques.<\/p>\n<h2>Pourquoi vous allez l&#039;adorer<\/h2>\n<p>Vous allez adorer la douceur du fil Sandnes Garn Peer Gynt sur votre peau, qui le rend tr\u00e8s agr\u00e9able \u00e0 porter au quotidien. Sa durabilit\u00e9 garantit que vos projets r\u00e9sisteront \u00e0 l&#x27;\u00e9preuve du temps, conservant leur beaut\u00e9 lavage apr\u00e8s lavage.<\/p>\n<p>Le fil glisse sans effort sur les aiguilles, offrant une exp\u00e9rience de tricot agr\u00e9able. Il tient parfaitement les mailles, vous permettant de cr\u00e9er des motifs et des textures d\u00e9taill\u00e9s, parfaits pour offrir ou pour votre usage personnel.<\/p>\n<h2>Conseils d&#039;entretien<\/h2>\n<p>Pour pr\u00e9server la qualit\u00e9 de vos projets Sandnes Garn Peer Gynt, lavez-les \u00e0 la main \u00e0 l&#x27;eau froide et s\u00e9chez-les \u00e0 plat. Ces soins d\u00e9licats permettent de pr\u00e9server les fibres naturelles et garantissent leur long\u00e9vit\u00e9.<\/p>\n<p>Conservez votre fil dans un endroit frais et sec afin de pr\u00e9server sa qualit\u00e9, et prot\u00e9gez-le de la lumi\u00e8re directe du soleil pour \u00e9viter qu&#x27;il ne se d\u00e9colore.<\/p>\n<p><a class=\"button is-small is-outline\" href=\"https:\/\/hollywool.eu\/fr\/sandnes-garn-atlas-petiteknit\/\">Sandnes Garn Atlas (PetiteKnit)<\/a> <a class=\"button is-small is-outline\" href=\"https:\/\/hollywool.eu\/fr\/sandnes-garn-atlas\/\">Atlas des fils Sandnes<\/a> <a class=\"button is-small is-outline\" href=\"https:\/\/hollywool.eu\/fr\/sandnes-garn-tynn-silk-mohair-print\/\">Sandnes Garn Tynn Soie Mohair Imprim\u00e9<\/a><\/p>","protected":false},"excerpt":{"rendered":"<p>Discover the versatile Sandnes Garn Peer Gynt, 100% wool DK yarn, perfect for cozy creations with an irresistible softness.<\/p>","protected":false},"featured_media":1751,"comment_status":"open","ping_status":"closed","template":"","meta":[],"product_brand":[1654],"product_cat":[38],"product_tag":[3277,3304,3278],"class_list":{"0":"post-1752","1":"product","2":"type-product","3":"status-publish","4":"has-post-thumbnail","6":"product_brand-sandnes-garn","7":"product_cat-sandnes-garn","8":"product_tag-mohair","9":"product_tag-sandnes-garn","10":"product_tag-silk","12":"first","13":"instock","14":"taxable","15":"shipping-taxable","16":"purchasable","17":"product-type-variable"},"_links":{"self":[{"href":"https:\/\/hollywool.eu\/fr\/wp-json\/wp\/v2\/product\/1752","targetHints":{"allow":["GET"]}}],"collection":[{"href":"https:\/\/hollywool.eu\/fr\/wp-json\/wp\/v2\/product"}],"about":[{"href":"https:\/\/hollywool.eu\/fr\/wp-json\/wp\/v2\/types\/product"}],"replies":[{"embeddable":true,"href":"https:\/\/hollywool.eu\/fr\/wp-json\/wp\/v2\/comments?post=1752"}],"wp:featuredmedia":[{"embeddable":true,"href":"https:\/\/hollywool.eu\/fr\/wp-json\/wp\/v2\/media\/1751"}],"wp:attachment":[{"href":"https:\/\/hollywool.eu\/fr\/wp-json\/wp\/v2\/media?parent=1752"}],"wp:term":[{"taxonomy":"product_brand","embeddable":true,"href":"https:\/\/hollywool.eu\/fr\/wp-json\/wp\/v2\/product_brand?post=1752"},{"taxonomy":"product_cat","embeddable":true,"href":"https:\/\/hollywool.eu\/fr\/wp-json\/wp\/v2\/product_cat?post=1752"},{"taxonomy":"product_tag","embeddable":true,"href":"https:\/\/hollywool.eu\/fr\/wp-json\/wp\/v2\/product_tag?post=1752"}],"curies":[{"name":"wp","href":"https:\/\/api.w.org\/{rel}","templated":true}]}}