{"id":1241,"date":"2025-04-01T13:06:10","date_gmt":"2025-04-01T11:06:10","guid":{"rendered":"https:\/\/hollywool.eu\/product\/drops-daisy\/"},"modified":"2026-04-12T00:35:29","modified_gmt":"2026-04-11T22:35:29","slug":"drops-daisy","status":"publish","type":"product","link":"https:\/\/hollywool.eu\/fr\/drops-daisy\/","title":{"rendered":"DROPS Daisy"},"content":{"rendered":"<h2>Mat\u00e9riaux et sp\u00e9cifications<\/h2>\n<p>DROPS Daisy est un fil luxueux fabriqu\u00e9 \u00e0 partir de laine m\u00e9rinos 100%, r\u00e9put\u00e9e pour son exceptionnelle douceur et sa chaleur. Ce fil haut de gamme est parfait pour les tricoteurs et les crocheteurs \u00e0 la recherche d&#x27;une fibre de grande qualit\u00e9 offrant une texture lisse et \u00e9l\u00e9gante. La laine m\u00e9rinos garantit un toucher doux, ce qui la rend id\u00e9ale pour les v\u00eatements port\u00e9s \u00e0 m\u00eame la peau.<\/p>\n<ul>\n<li><strong>Composition :<\/strong> 100% M\u00e9rinos<\/li>\n<li><strong>Poids:<\/strong> 50 g par \u00e9cheveau<\/li>\n<li><strong>Longueur:<\/strong> 110 m par \u00e9cheveau<\/li>\n<li><strong>Taille de l&#039;aiguille :<\/strong> 4,0 mm<\/li>\n<\/ul>\n<p>La cat\u00e9gorie de poids DK offre une excellente d\u00e9finition des mailles, mettant ainsi vos motifs en valeur. Son tomb\u00e9 est parfait pour cr\u00e9er des v\u00eatements fluides, et le fil se travaille avec une tension r\u00e9guli\u00e8re et uniforme.<\/p>\n<h2>Parfait pour<\/h2>\n<p>DROPS Daisy est id\u00e9al pour une grande vari\u00e9t\u00e9 de projets, des pulls confortables et cardigans \u00e9l\u00e9gants aux accessoires chics et articles de d\u00e9coration int\u00e9rieure charmants. Sa polyvalence vous permet d&#x27;explorer des possibilit\u00e9s cr\u00e9atives infinies, que vous confectionniez une \u00e9charpe chaude pour l&#x27;hiver ou un ch\u00e2le en dentelle d\u00e9licat.<\/p>\n<p>Ce fil convient aussi bien aux d\u00e9butants qu&#x27;aux artisans confirm\u00e9s. Sa texture lisse le rend facile \u00e0 manipuler, garantissant une exp\u00e9rience de tricot agr\u00e9able pour tous les niveaux de comp\u00e9tence. Que vous vous exerciez aux points de base ou que vous vous attaquiez \u00e0 des motifs complexes, DROPS Daisy est un excellent choix.<\/p>\n<h2>Pourquoi vous allez l&#039;adorer<\/h2>\n<p>Vous allez adorer DROPS Daisy pour son incroyable douceur au toucher et sa r\u00e9sistance \u00e0 l&#x27;usure quotidienne. L&#x27;\u00e9lasticit\u00e9 naturelle du fil garantit que vos cr\u00e9ations conservent leur forme au fil du temps, tandis que les couleurs vives offrent une excellente tenue, assurant \u00e0 vos projets un aspect toujours neuf et frais.<\/p>\n<p>Tricoter ou crocheter avec DROPS Daisy est un vrai plaisir, car ce fil glisse sans effort sur les aiguilles et les crochets, et tient parfaitement les mailles. Les articles r\u00e9alis\u00e9s avec ce fil sont parfaits pour offrir, car leurs destinataires appr\u00e9cieront leur toucher luxueux et leur qualit\u00e9.<\/p>\n<h2>Conseils d&#039;entretien<\/h2>\n<p>Pour pr\u00e9server la qualit\u00e9 du fil DROPS Daisy, lavez-le \u00e0 la main \u00e0 l&#x27;eau froide avec un d\u00e9tergent doux. \u00c9vitez de tordre ou de froisser le fil afin de ne pas l&#x27;ab\u00eemer. S\u00e9chez-le \u00e0 plat afin de pr\u00e9server son \u00e9lasticit\u00e9 et sa douceur naturelles.<\/p>\n<p>Conservez vos projets dans un endroit frais et sec, \u00e0 l&#x27;abri de la lumi\u00e8re directe du soleil, afin d&#x27;en garantir la long\u00e9vit\u00e9. En prenant soin de vos cr\u00e9ations, vous pr\u00e9serverez leur beaut\u00e9 pendant de nombreuses ann\u00e9es.<\/p>\n<p><a class=\"button is-small is-outline\" href=\"https:\/\/hollywool.eu\/fr\/drops-karisma\/\">DROPS Karisma<\/a> <a class=\"button is-small is-outline\" href=\"https:\/\/hollywool.eu\/fr\/drops-alpaa-100\/\">DROPS Alpaga 100%<\/a> <a class=\"button is-small is-outline\" href=\"https:\/\/hollywool.eu\/fr\/drops-brushed-alpaca-silk\/\">Soie d&#039;alpaga bross\u00e9e DROPS<\/a><\/p>","protected":false},"excerpt":{"rendered":"<p>Experience the ultimate softness with DROPS Daisy by Garnstudio, crafted from 100% Merino. Perfect for versatile DK weight projects.<\/p>","protected":false},"featured_media":1240,"comment_status":"open","ping_status":"closed","template":"","meta":[],"product_brand":[1647],"product_cat":[37],"product_tag":[3275,3303,3274,3278],"class_list":{"0":"post-1241","1":"product","2":"type-product","3":"status-publish","4":"has-post-thumbnail","6":"product_brand-drops","7":"product_cat-drops","8":"product_tag-alpaca","9":"product_tag-drops","10":"product_tag-merino","11":"product_tag-silk","13":"first","14":"instock","15":"taxable","16":"shipping-taxable","17":"purchasable","18":"product-type-variable"},"_links":{"self":[{"href":"https:\/\/hollywool.eu\/fr\/wp-json\/wp\/v2\/product\/1241","targetHints":{"allow":["GET"]}}],"collection":[{"href":"https:\/\/hollywool.eu\/fr\/wp-json\/wp\/v2\/product"}],"about":[{"href":"https:\/\/hollywool.eu\/fr\/wp-json\/wp\/v2\/types\/product"}],"replies":[{"embeddable":true,"href":"https:\/\/hollywool.eu\/fr\/wp-json\/wp\/v2\/comments?post=1241"}],"wp:featuredmedia":[{"embeddable":true,"href":"https:\/\/hollywool.eu\/fr\/wp-json\/wp\/v2\/media\/1240"}],"wp:attachment":[{"href":"https:\/\/hollywool.eu\/fr\/wp-json\/wp\/v2\/media?parent=1241"}],"wp:term":[{"taxonomy":"product_brand","embeddable":true,"href":"https:\/\/hollywool.eu\/fr\/wp-json\/wp\/v2\/product_brand?post=1241"},{"taxonomy":"product_cat","embeddable":true,"href":"https:\/\/hollywool.eu\/fr\/wp-json\/wp\/v2\/product_cat?post=1241"},{"taxonomy":"product_tag","embeddable":true,"href":"https:\/\/hollywool.eu\/fr\/wp-json\/wp\/v2\/product_tag?post=1241"}],"curies":[{"name":"wp","href":"https:\/\/api.w.org\/{rel}","templated":true}]}}