{"id":92,"date":"2013-08-11T19:06:15","date_gmt":"2013-08-11T19:06:15","guid":{"rendered":"http:\/\/localhost:8888\/test\/?page_id=520"},"modified":"2026-03-17T18:53:02","modified_gmt":"2026-03-17T16:53:02","slug":"about","status":"publish","type":"page","link":"https:\/\/hollywool.eu\/fr\/about\/","title":{"rendered":"\u00c0 propos"},"content":{"rendered":"<div class=\"banner has-hover has-parallax\" id=\"banner-1277861464\">\n          <div class=\"banner-inner fill\">\n        <div class=\"banner-bg fill\" data-parallax=\"-3\" data-parallax-container=\".banner\" data-parallax-background>\n            <img decoding=\"async\" width=\"1000\" height=\"650\" src=\"https:\/\/hollywool.eu\/wp-content\/uploads\/2016\/08\/dummy-2.jpg\" class=\"bg attachment-large size-large\" alt=\"\" title=\"\">                        <div class=\"overlay\"><\/div>            \n                    <\/div>\n\t\t\n        <div class=\"banner-layers container\">\n            <div class=\"fill banner-link\"><\/div>            \n\n   <div id=\"text-box-1097560582\" class=\"text-box banner-layer x50 md-x50 lg-x50 y80 md-y80 lg-y80 res-text\">\n                                <div class=\"text-box-content text dark\">\n              \n              <div class=\"text-inner text-center\">\n                  \n\n<h1 class=\"lead\">\u00c0 Propos De Nous<\/h1>\n<p class=\"lead\"><strong class=\"ng-star-inserted\"><span class=\"ng-star-inserted\">Bienvenue chez Hollywool \u2014 O\u00f9 les r\u00eaves de fibres deviennent r\u00e9alit\u00e9 !<\/span><\/strong><\/p>\n\n              <\/div>\n           <\/div>\n                            \n<style>\n#text-box-1097560582 {\n  width: 60%;\n}\n#text-box-1097560582 .text-box-content {\n  font-size: 100%;\n}\n<\/style>\n    <\/div>\n \n\n        <\/div>\n      <\/div>\n\n            \n<style>\n#banner-1277861464 {\n  padding-top: 507px;\n}\n#banner-1277861464 .overlay {\n  background-color: rgba(0, 0, 0, 0.49);\n}\n<\/style>\n  <\/div>\n\n\n<div class=\"row\"  id=\"row-1907375459\">\n\n\n\t<div id=\"col-409719054\" class=\"col small-12 large-12\"  >\n\t\t\t\t<div class=\"col-inner\"  >\n\t\t\t\n\t\t\t\n\n<p class=\"ng-star-inserted\"><strong class=\"ng-star-inserted\"><span class=\"ng-star-inserted\">Bienvenue chez Hollywool \u2014 O\u00f9 les r\u00eaves de fibres deviennent r\u00e9alit\u00e9 !<\/span><\/strong><\/p>\n<p class=\"ng-star-inserted\"><span class=\"ng-star-inserted\">Au Hollywool, le fil n&#039;est pas seulement un produit, c&#039;est notre passion. Nous sommes plus qu&#039;une boutique en ligne, nous sommes un centre communautaire construit sur un amour profond pour la qualit\u00e9 des fibres naturelles et de la satisfaction incroyable de cr\u00e9ation faite \u00e0 la main.<\/span><\/p>\n<p class=\"ng-star-inserted\"><span class=\"ng-star-inserted\">Notre histoire a commenc\u00e9 avec un simple d\u00e9sir de cr\u00e9er le genre de fil boutique\u00a0<\/span><span class=\"ng-star-inserted\">nous<\/span><span class=\"ng-star-inserted\">\u00a0voulais parcourir un lieu rempli d&#039;inspiration, exceptionnelle des mat\u00e9riaux, et des passionn\u00e9s. Nous voulions un espace o\u00f9 trouver le bon fil pour votre prochain projet se sent comme une passionnante d\u00e9couverte.<\/span><\/p>\n<p class=\"ng-star-inserted\"><strong class=\"ng-star-inserted\"><span class=\"ng-star-inserted\">Ce Qui Fait Hollywool Sp\u00e9cial?<\/span><\/strong><\/p>\n<ul class=\"ng-star-inserted\">\n<li class=\"ng-star-inserted\">\n<p class=\"ng-star-inserted\"><strong class=\"ng-star-inserted\"><span class=\"ng-star-inserted\">Commissaire De L&#039;Excellence:<\/span><\/strong><span class=\"ng-star-inserted\">\u00a0Nous croyons que vos projets m\u00e9ritent le meilleur. C&#039;est pourquoi nous choisir chaque \u00e9l\u00e9ment de notre collection, nous nous procurons des fils, des outils fiables, et les accessoires indispensables, aupr\u00e8s d&#039;artisans et de fournisseurs \u00e0 l&#039;\u00e9chelle mondiale. La qualit\u00e9 est notre pierre angulaire.<\/span><\/p>\n<\/li>\n<li class=\"ng-star-inserted\">\n<p class=\"ng-star-inserted\"><strong class=\"ng-star-inserted\"><span class=\"ng-star-inserted\">Votre Artisanat Des Compagnons:<\/span><\/strong><span class=\"ng-star-inserted\">\u00a0Pensez \u00e0 nous comme vos guides sympathiques dans le monde de la fibre arts! Notre \u00e9quipe est impatiente de partager des conseils, vous aider \u00e0 naviguer dans les choix, r\u00e9pondre \u00e0 vos questions, et de c\u00e9l\u00e9brer votre artisanat voyage.<\/span><\/p>\n<\/li>\n<li class=\"ng-star-inserted\">\n<p class=\"ng-star-inserted\"><strong class=\"ng-star-inserted\"><span class=\"ng-star-inserted\">L&#039;Inspiration dans Tous les \u00c9cheveau:<\/span><\/strong><span class=\"ng-star-inserted\">\u00a0Explorer la dynamique de la palette de couleurs et un d\u00e9licieux \u00e9ventail de textures. La diversit\u00e9 de notre s\u00e9lection est con\u00e7u pour stimuler votre imagination et de fournir les mat\u00e9riaux parfaits pour quelle que soit la beaut\u00e9 vous envisagez de cr\u00e9er.<\/span><\/p>\n<\/li>\n<\/ul>\n<p class=\"ng-star-inserted\"><strong class=\"ng-star-inserted\"><span class=\"ng-star-inserted\">D\u00e9couvrez votre prochaine pr\u00e9f\u00e9r\u00e9 fil et laissez votre cr\u00e9ativit\u00e9 s&#039;\u00e9panouir avec Hollywool!<\/span><\/strong><\/p>\n<div class=\"text-center\"><div class=\"is-divider divider clearfix\" ><\/div><\/div>\n\n\n\t\t<\/div>\n\t\t\t\t\t<\/div>\n\n\t\n\n\t<div id=\"col-464508662\" class=\"col medium-3 small-12 large-3\"  >\n\t\t\t\t<div class=\"col-inner\"  >\n\t\t\t\n\t\t\t\n\n\n\t\t<\/div>\n\t\t\t\t\t<\/div>\n\n\t\n\n\t<div id=\"col-1426713125\" class=\"col medium-3 small-12 large-3\"  >\n\t\t\t\t<div class=\"col-inner\"  >\n\t\t\t\n\t\t\t\n\n\n\t\t<\/div>\n\t\t\t\t\t<\/div>\n\n\t\n\n\t<div id=\"col-1603816669\" class=\"col medium-3 small-12 large-3\"  >\n\t\t\t\t<div class=\"col-inner\"  >\n\t\t\t\n\t\t\t\n\n\n\t\t<\/div>\n\t\t\t\t\t<\/div>\n\n\t\n\n\t<div id=\"col-1889994116\" class=\"col medium-3 small-12 large-3\"  >\n\t\t\t\t<div class=\"col-inner\"  >\n\t\t\t\n\t\t\t\n\n\n\t\t<\/div>\n\t\t\t\t\t<\/div>\n\n\t\n\n<\/div>","protected":false},"excerpt":{"rendered":"","protected":false},"author":1,"featured_media":18,"parent":0,"menu_order":0,"comment_status":"closed","ping_status":"closed","template":"page-transparent-header-light.php","meta":{"footnotes":""},"class_list":["post-92","page","type-page","status-publish","has-post-thumbnail","hentry"],"_links":{"self":[{"href":"https:\/\/hollywool.eu\/fr\/wp-json\/wp\/v2\/pages\/92","targetHints":{"allow":["GET"]}}],"collection":[{"href":"https:\/\/hollywool.eu\/fr\/wp-json\/wp\/v2\/pages"}],"about":[{"href":"https:\/\/hollywool.eu\/fr\/wp-json\/wp\/v2\/types\/page"}],"author":[{"embeddable":true,"href":"https:\/\/hollywool.eu\/fr\/wp-json\/wp\/v2\/users\/1"}],"replies":[{"embeddable":true,"href":"https:\/\/hollywool.eu\/fr\/wp-json\/wp\/v2\/comments?post=92"}],"version-history":[{"count":0,"href":"https:\/\/hollywool.eu\/fr\/wp-json\/wp\/v2\/pages\/92\/revisions"}],"wp:featuredmedia":[{"embeddable":true,"href":"https:\/\/hollywool.eu\/fr\/wp-json\/wp\/v2\/media\/18"}],"wp:attachment":[{"href":"https:\/\/hollywool.eu\/fr\/wp-json\/wp\/v2\/media?parent=92"}],"curies":[{"name":"wp","href":"https:\/\/api.w.org\/{rel}","templated":true}]}}