{"id":87,"date":"2013-08-11T20:13:42","date_gmt":"2013-08-11T20:13:42","guid":{"rendered":"http:\/\/localhost:8888\/test\/?page_id=545"},"modified":"2026-03-17T18:53:11","modified_gmt":"2026-03-17T16:53:11","slug":"faq","status":"publish","type":"page","link":"https:\/\/hollywool.eu\/fr\/faq\/","title":{"rendered":"FAQ"},"content":{"rendered":"<p class=\"lead\">Lorem ipsum dolor sit amet, consectetur adipiscing elit. Entier nca odi. Lib\u00e9ro pr\u00e9sent. Sed cursus ante dapibus diam. Sed nisi. Nulla quis sem at nibh elementum imperdiet. Duis sagittis ipsum. Pr\u00e9sentez Mauris. Fusce nec tellus sed augue sempre porta. Mauris Massa. Vestibulum lacinia arcu eget nulla.<\/p>\n<p class=\"text-center\"><mark>Bloc <strong>\u00ab\u00a0faq-accord\u00e9on\u00a0\u00bb<\/strong> non trouv\u00e9<\/mark><\/p>","protected":false},"excerpt":{"rendered":"<p>Lorem ipsum dolor sit amet, consectetur adipiscing elit. Entier nca odi. Lib\u00e9ro pr\u00e9sent. Sed cursus ante dapibus diam. Sed nisi. Nulla quis sem at nibh elementum imperdiet. Duis sagittis ipsum. Pr\u00e9sentez Mauris. Fusce nec tellus sed augue sempre porta. Mauris Massa. Vestibulum lacinia arcu eget nulla.<\/p>","protected":false},"author":1,"featured_media":0,"parent":0,"menu_order":0,"comment_status":"closed","ping_status":"closed","template":"","meta":{"footnotes":""},"class_list":["post-87","page","type-page","status-publish","hentry"],"_links":{"self":[{"href":"https:\/\/hollywool.eu\/fr\/wp-json\/wp\/v2\/pages\/87","targetHints":{"allow":["GET"]}}],"collection":[{"href":"https:\/\/hollywool.eu\/fr\/wp-json\/wp\/v2\/pages"}],"about":[{"href":"https:\/\/hollywool.eu\/fr\/wp-json\/wp\/v2\/types\/page"}],"author":[{"embeddable":true,"href":"https:\/\/hollywool.eu\/fr\/wp-json\/wp\/v2\/users\/1"}],"replies":[{"embeddable":true,"href":"https:\/\/hollywool.eu\/fr\/wp-json\/wp\/v2\/comments?post=87"}],"version-history":[{"count":0,"href":"https:\/\/hollywool.eu\/fr\/wp-json\/wp\/v2\/pages\/87\/revisions"}],"wp:attachment":[{"href":"https:\/\/hollywool.eu\/fr\/wp-json\/wp\/v2\/media?parent=87"}],"curies":[{"name":"wp","href":"https:\/\/api.w.org\/{rel}","templated":true}]}}