{"id":13,"date":"2025-04-03T13:22:37","date_gmt":"2025-04-03T10:22:37","guid":{"rendered":"http:\/\/hollywool.eu\/?page_id=13"},"modified":"2025-04-28T00:25:53","modified_gmt":"2025-04-27T21:25:53","slug":"refund_returns","status":"publish","type":"page","link":"https:\/\/hollywool.eu\/fr\/refund_returns\/","title":{"rendered":"Remboursement et la Politique de retour"},"content":{"rendered":"<h2 class=\"wp-block-heading\">Vue d&#039;ensemble<\/h2>\n\n\n\n<p>Conform\u00e9ment \u00e0 la r\u00e9glementation europ\u00e9enne en mati\u00e8re de protection des consommateurs, vous disposez d&#039;un droit de r\u00e9tractation de 14 jours sans indication de motif (le \u00ab\u00a0d\u00e9lai de r\u00e9tractation\u00a0\u00bb). Ce d\u00e9lai de r\u00e9tractation expire 14 jours apr\u00e8s la r\u00e9ception des articles.<\/p>\n\n\n\n<p>Pour exercer votre droit de r\u00e9tractation, vous devez nous informer de votre d\u00e9cision de r\u00e9tractation du pr\u00e9sent contrat au moyen d&#039;une d\u00e9claration d\u00e9nu\u00e9e d&#039;ambigu\u00eft\u00e9 (par exemple, une lettre envoy\u00e9e par la poste ou par courrier \u00e9lectronique \u00e0 <a href=\"mailto:info@hollywool.eu\">info@hollywool.eu<\/a>). Vous pouvez utiliser le mod\u00e8le de formulaire d&#039;annulation ci-joint, mais ce n&#039;est pas obligatoire.<\/p>\n\n\n\n<h2 class=\"wp-block-heading\">Produits \u00e9ligibles au retour<\/h2>\n\n\n\n<p>Pour \u00eatre \u00e9ligible \u00e0 un retour, votre article doit \u00eatre inutilis\u00e9 et dans le m\u00eame \u00e9tat que celui dans lequel vous l&#039;avez re\u00e7u. Il doit \u00e9galement \u00eatre dans son emballage d&#039;origine, avec toutes les \u00e9tiquettes intactes.<\/p>\n\n\n\n<h2 class=\"wp-block-heading\">Produits non \u00e9ligibles au retour<\/h2>\n\n\n\n<p>Conform\u00e9ment \u00e0 la r\u00e9glementation de l&#039;UE, certains produits ne peuvent pas \u00eatre retourn\u00e9s :<\/p>\n\n\n\n<ul class=\"wp-block-list\">\n<li>Marchandises scell\u00e9es qui ne peuvent \u00eatre retourn\u00e9es pour des raisons de protection de la sant\u00e9 ou d&#039;hygi\u00e8ne, si elles sont descell\u00e9es apr\u00e8s la livraison<\/li>\n\n\n\n<li>Des produits fabriqu\u00e9s selon vos sp\u00e9cifications ou clairement personnalis\u00e9s<\/li>\n\n\n\n<li>Les cartes-cadeaux<\/li>\n\n\n\n<li>Produits num\u00e9riques apr\u00e8s avoir d\u00e9marr\u00e9 le t\u00e9l\u00e9chargement ou acc\u00e9d\u00e9 au contenu<\/li>\n\n\n\n<li>Logiciels audio, vid\u00e9o ou informatiques scell\u00e9s, s&#039;ils sont descell\u00e9s apr\u00e8s la livraison<\/li>\n<\/ul>\n\n\n\n<h2 class=\"wp-block-heading\">Remboursements partiels<\/h2>\n\n\n\n<p>Dans certaines situations, seuls des remboursements partiels peuvent \u00eatre accord\u00e9s :<\/p>\n\n\n\n<ul class=\"wp-block-list\">\n<li>Fil avec des signes visibles d&#039;utilisation<\/li>\n\n\n\n<li>Motifs imprim\u00e9s avec des signes d&#039;utilisation<\/li>\n\n\n\n<li>Tout article qui n&#039;est pas dans son \u00e9tat d&#039;origine, endommag\u00e9 ou avec des pi\u00e8ces manquantes pour des raisons qui ne sont pas dues \u00e0 notre erreur<\/li>\n\n\n\n<li>Tout article retourn\u00e9 plus de 14 jours apr\u00e8s la livraison sans accord pr\u00e9alable<\/li>\n<\/ul>\n\n\n\n<h2 class=\"wp-block-heading\">Processus de retour<\/h2>\n\n\n\n<p>Pour d\u00e9marrer votre processus de retour :<\/p>\n\n\n\n<ol class=\"wp-block-list\">\n<li>Contactez-nous au <a href=\"mailto:info@hollywool.eu\">info@hollywool.eu<\/a> pour nous informer de votre retour<\/li>\n\n\n\n<li>Nous vous fournirons des instructions de retour et des informations sur l&#039;adresse<\/li>\n\n\n\n<li>Emballez le produit en toute s\u00e9curit\u00e9 dans un emballage appropri\u00e9<\/li>\n\n\n\n<li>Incluez votre num\u00e9ro de commande et le motif du retour<\/li>\n<\/ol>\n\n\n\n<p>Nous vous recommandons d&#039;utiliser un service d&#039;exp\u00e9dition suivi pour tous les retours.<\/p>\n\n\n\n<p>Une fois votre retour re\u00e7u et inspect\u00e9, nous vous enverrons un email pour vous informer que nous avons re\u00e7u votre article retourn\u00e9. Nous allons \u00e9galement vous informer de l&#039;approbation ou du rejet de votre demande de remboursement.<\/p>\n\n\n\n<h2 class=\"wp-block-heading\">Les remboursements<\/h2>\n\n\n\n<p>Si votre retour est approuv\u00e9, votre remboursement sera trait\u00e9 et un cr\u00e9dit sera automatiquement appliqu\u00e9 \u00e0 votre mode de paiement d&#039;origine dans les 14 jours suivant le jour o\u00f9 nous recevons les marchandises retourn\u00e9es.<\/p>\n\n\n\n<p>Le remboursement comprendra le prix du produit et les frais de livraison standard (le cas \u00e9ch\u00e9ant). Cependant, si vous avez choisi une option de livraison avanc\u00e9e, nous ne rembourserons que les frais de livraison standard.<\/p>\n\n\n\n<h2 class=\"wp-block-heading\">Remboursements tardifs ou manquants<\/h2>\n\n\n\n<p>Si vous n&#039;avez pas encore re\u00e7u de remboursement :<\/p>\n\n\n\n<ol class=\"wp-block-list\">\n<li>V\u00e9rifiez \u00e0 nouveau votre compte bancaire<\/li>\n\n\n\n<li>Contactez votre soci\u00e9t\u00e9 de carte de cr\u00e9dit\u00a0; il faudra peut-\u00eatre un certain temps avant que votre remboursement ne soit officiellement affich\u00e9.<\/li>\n\n\n\n<li>Contactez votre banque\u00a0; il y a souvent un d\u00e9lai de traitement avant qu&#039;un remboursement ne soit affich\u00e9.<\/li>\n\n\n\n<li>Si vous avez fait tout cela et que vous n&#039;avez toujours pas re\u00e7u votre remboursement, veuillez nous contacter \u00e0 <a href=\"mailto:info@hollywool.eu\">info@hollywool.eu<\/a><\/li>\n<\/ol>\n\n\n\n<h2 class=\"wp-block-heading\">Articles en solde<\/h2>\n\n\n\n<p>Seuls les articles \u00e0 prix courant peuvent \u00eatre int\u00e9gralement rembours\u00e9s. Les articles sold\u00e9s ne peuvent \u00eatre retourn\u00e9s que s&#039;ils sont d\u00e9fectueux.<\/p>\n\n\n\n<h2 class=\"wp-block-heading\">Les \u00e9changes<\/h2>\n\n\n\n<p>Nous rempla\u00e7ons les articles d\u00e9fectueux ou endommag\u00e9s \u00e0 la r\u00e9ception. Pour tout \u00e9change, veuillez nous contacter par e-mail \u00e0 l&#039;adresse suivante\u00a0: <a href=\"mailto:info@hollywool.eu\">info@hollywool.eu<\/a> pour les instructions.<\/p>\n\n\n\n<h2 class=\"wp-block-heading\">Cadeaux<\/h2>\n\n\n\n<p>Si l&#039;article a \u00e9t\u00e9 marqu\u00e9 comme cadeau lors de l&#039;achat et exp\u00e9di\u00e9 directement chez vous, vous recevrez un cr\u00e9dit cadeau d&#039;une valeur \u00e9gale \u00e0 celle de votre retour une fois l&#039;article retourn\u00e9 re\u00e7u.<\/p>\n\n\n\n<p>Si l&#039;article n&#039;a pas \u00e9t\u00e9 marqu\u00e9 comme cadeau lors de l&#039;achat, ou si le donateur du cadeau a fait exp\u00e9dier la commande pour vous l&#039;offrir plus tard, nous enverrons un remboursement au donateur du cadeau et il sera inform\u00e9 de votre retour.<\/p>\n\n\n\n<h2 class=\"wp-block-heading\">Retours d&#039;exp\u00e9dition<\/h2>\n\n\n\n<p>Pour retourner votre produit, veuillez nous contacter \u00e0 l&#039;avance pour obtenir les instructions de retour.<\/p>\n\n\n\n<p>Les frais de retour sont \u00e0 votre charge. En cas de remboursement, les frais de retour seront d\u00e9duits de celui-ci, sauf si le retour est d\u00fb \u00e0 une erreur de notre part (article incorrect ou d\u00e9fectueux).<\/p>\n\n\n\n<p>Selon l&#039;endroit o\u00f9 vous vivez, le temps qu&#039;il faut pour votre produit \u00e9chang\u00e9 pour vous rejoindre peut varier.<\/p>\n\n\n\n<p>Pour les articles de valeur sup\u00e9rieure, nous vous recommandons d&#039;utiliser un service d&#039;exp\u00e9dition avec suivi ou de souscrire une assurance exp\u00e9dition. Nous ne garantissons pas la r\u00e9ception de votre article retourn\u00e9 sans preuve d&#039;exp\u00e9dition.<\/p>\n\n\n\n<h2 class=\"wp-block-heading\">Besoin d&#039;aide?<\/h2>\n\n\n\n<p>Contactez-nous au <a href=\"mailto:info@hollywool.eu\">info@hollywool.eu<\/a> pour les questions li\u00e9es aux remboursements et aux retours.<\/p>\n\n\n\n<h2 class=\"wp-block-heading\">Vos droits statutaires<\/h2>\n\n\n\n<p>Cette politique n&#039;affecte pas vos droits statutaires. Pour plus d&#039;informations sur vos droits statutaires, contactez votre centre de conseil aux consommateurs local ou l&#039;association europ\u00e9enne de d\u00e9fense des droits des consommateurs.<\/p>","protected":false},"excerpt":{"rendered":"<p>Overview In accordance with EU consumer protection regulations, you have the right to cancel your order within 14 days without giving any reason (the &#8220;cooling-off period&#8221;). This cancellation period expires 14 days after the day you received your goods. To exercise your right of cancellation, you must inform us of your decision to cancel this [&#8230;]\n","protected":false},"author":1,"featured_media":0,"parent":0,"menu_order":0,"comment_status":"closed","ping_status":"closed","template":"","meta":{"footnotes":""},"class_list":["post-13","page","type-page","status-publish","hentry"],"_links":{"self":[{"href":"https:\/\/hollywool.eu\/fr\/wp-json\/wp\/v2\/pages\/13","targetHints":{"allow":["GET"]}}],"collection":[{"href":"https:\/\/hollywool.eu\/fr\/wp-json\/wp\/v2\/pages"}],"about":[{"href":"https:\/\/hollywool.eu\/fr\/wp-json\/wp\/v2\/types\/page"}],"author":[{"embeddable":true,"href":"https:\/\/hollywool.eu\/fr\/wp-json\/wp\/v2\/users\/1"}],"replies":[{"embeddable":true,"href":"https:\/\/hollywool.eu\/fr\/wp-json\/wp\/v2\/comments?post=13"}],"version-history":[{"count":0,"href":"https:\/\/hollywool.eu\/fr\/wp-json\/wp\/v2\/pages\/13\/revisions"}],"wp:attachment":[{"href":"https:\/\/hollywool.eu\/fr\/wp-json\/wp\/v2\/media?parent=13"}],"curies":[{"name":"wp","href":"https:\/\/api.w.org\/{rel}","templated":true}]}}