{"id":34649,"date":"2026-02-19T20:12:13","date_gmt":"2026-02-19T18:12:13","guid":{"rendered":"https:\/\/hollywool.eu\/cardigan-meadow-kit\/"},"modified":"2026-03-13T10:26:50","modified_gmt":"2026-03-13T08:26:50","slug":"cardigan-meadow-kit","status":"publish","type":"product","link":"http:\/\/hollywool.eu\/fr\/cardigan-meadow-kit\/","title":{"rendered":"Kit Cardigan Meadow"},"content":{"rendered":"<p>Le mod\u00e8le Cardigan Meadow est un cardigan oversize \u00e9l\u00e9gant, avec une ligne d&#x27;\u00e9paule tombante raffin\u00e9e, tricot\u00e9 de haut en bas sans couture. Le corps est tricot\u00e9 \u00e0 plat dans un motif textur\u00e9 en double point de riz (\u00e0 base de mailles endroit et envers). Les manches sont relev\u00e9es au niveau des emmanchures et tricot\u00e9es en rond au point jersey avec des diminutions soign\u00e9es. La bande de boutonnage, les poignets et l&#x27;ourlet sont tricot\u00e9s en c\u00f4tes 1\u00d71. L&#x27;encolure est finie selon une m\u00e9thode industrielle (montage de l&#x27;encolure en double tricot) pour un bord net et soign\u00e9. Con\u00e7u avec environ 28-30 cm d&#x27;aisance positive.<\/p>\n<h2>Contenu du kit<\/h2>\n<ul>\n<li><strong>Mod\u00e8le:<\/strong> Cardigan \u00e0 motifs Meadow<\/li>\n<li><strong>Fil \u2013 Fonty Mongolia 3 (couleur au choix) :<\/strong> 8 \u00d7 Fonty Mongolie 3<\/li>\n<\/ul>\n<h2>Mod\u00e8le Cardigan Meadow \u2014 Tailles<\/h2>\n<p>XS (EU 38-40) \u2013 75-80 cm S (EU 42-44) \u2013 82-88 cm M (EU 46-48) \u2013 90-98 cm L (EU 50-52) \u2013 100-108 cm XL (EU 54-56) \u2013 110-120 cm XXL (EU 58-60) \u2013 120-130 cm<\/p>\n<p>Dimensions finales (apr\u00e8s lavage et blocage) :<\/p>\n<p>Largeur A : XS 56-59 cm, S 60-63 cm, M 66-68 cm, L 72-75 cm, XL 77-80 cm, XXL 82-86 cm Longueur dos B : XS 57 cm, S 62 cm, M 65 cm, L 69 cm, XL 70 cm, XXL 72 cm Longueur des manches \u00e0 partir de l&#x27;encolure D : XS 63 cm, S 65 cm, M 67 cm, L 69 cm, XL 70 cm, XXL 71 cm<\/p>\n<p>Mat\u00e9riaux et outils :<\/p>\n<ul>\n<li>Aiguilles circulaires 4,00 mm pour le tissu principal, 3,5 mm pour les c\u00f4tes 1\u00d71<\/li>\n<li>Marqueurs de mailles, aiguille \u00e0 tapisserie, m\u00e8tre ruban, fil de rebut ou c\u00e2ble suppl\u00e9mentaire, compteur de rangs, 6 boutons<\/li>\n<\/ul>\n<p>Fil recommand\u00e9 et utilisation :<\/p>\n<ul>\n<li>Fonty Mongolia 3 (85% m\u00e9rinos, 15% duvet de yack), 150 m\/50 g<\/li>\n<\/ul>\n<p>Longueur : 8\/8\/9\/10\/11\/12 pelotes (XS\/S\/M\/L\/XL\/XXL), tricot\u00e9es avec un seul fil<\/p>\n<h2>Jauge<\/h2>\n<p>20 mailles x 28 rangs en jersey = 10 \u00d7 10 cm apr\u00e8s blocage<\/p>\n<p>D\u00e9tails du patron : Patron PDF d\u00e9taill\u00e9 Photos \u00e9tape par \u00e9tape Conseils vid\u00e9o pour les parties difficiles<\/p>","protected":false},"excerpt":{"rendered":"<p>Le mod\u00e8le Cardigan Meadow est un cardigan oversize sans coutures, tricot\u00e9 de haut en bas, avec des \u00e9paules tombantes et un corps textur\u00e9 en point de riz double. Les manches sont relev\u00e9es au niveau des emmanchures et tricot\u00e9es en rond en jersey, avec un bord-c\u00f4te 1\u00d71 au niveau de la bande de boutonnage, des poignets et de l&#x27;ourlet, et un col en double tricot pour une finition nette. Tailles XS \u00e0 XXL.<\/p>","protected":false},"featured_media":34647,"comment_status":"open","ping_status":"closed","template":"","meta":[],"product_brand":[],"product_cat":[3089],"product_tag":[3296,3276,3271,3274,3284],"class_list":{"0":"post-34649","1":"product","2":"type-product","3":"status-publish","4":"has-post-thumbnail","6":"product_cat-knitting-kits","7":"product_tag-cardigan","8":"product_tag-cashmere","9":"product_tag-knitting-kit","10":"product_tag-merino","11":"product_tag-yak","13":"first","14":"instock","15":"taxable","16":"shipping-taxable","17":"purchasable","18":"product-type-composite"},"_links":{"self":[{"href":"http:\/\/hollywool.eu\/fr\/wp-json\/wp\/v2\/product\/34649","targetHints":{"allow":["GET"]}}],"collection":[{"href":"http:\/\/hollywool.eu\/fr\/wp-json\/wp\/v2\/product"}],"about":[{"href":"http:\/\/hollywool.eu\/fr\/wp-json\/wp\/v2\/types\/product"}],"replies":[{"embeddable":true,"href":"http:\/\/hollywool.eu\/fr\/wp-json\/wp\/v2\/comments?post=34649"}],"wp:featuredmedia":[{"embeddable":true,"href":"http:\/\/hollywool.eu\/fr\/wp-json\/wp\/v2\/media\/34647"}],"wp:attachment":[{"href":"http:\/\/hollywool.eu\/fr\/wp-json\/wp\/v2\/media?parent=34649"}],"wp:term":[{"taxonomy":"product_brand","embeddable":true,"href":"http:\/\/hollywool.eu\/fr\/wp-json\/wp\/v2\/product_brand?post=34649"},{"taxonomy":"product_cat","embeddable":true,"href":"http:\/\/hollywool.eu\/fr\/wp-json\/wp\/v2\/product_cat?post=34649"},{"taxonomy":"product_tag","embeddable":true,"href":"http:\/\/hollywool.eu\/fr\/wp-json\/wp\/v2\/product_tag?post=34649"}],"curies":[{"name":"wp","href":"https:\/\/api.w.org\/{rel}","templated":true}]}}