{"id":33927,"date":"2026-01-29T13:42:53","date_gmt":"2026-01-29T11:42:53","guid":{"rendered":"https:\/\/hollywool.eu\/?post_type=product&#038;p=33927"},"modified":"2026-03-13T10:26:51","modified_gmt":"2026-03-13T08:26:51","slug":"kit-sensei-sweater","status":"publish","type":"product","link":"http:\/\/hollywool.eu\/fr\/kit-sensei-sweater\/","title":{"rendered":"Pull Kit Sensei"},"content":{"rendered":"<p>Pull oversize moderne aux \u00e9paules tombantes modifi\u00e9es de style japonais, Sensei est un tricot sans couture, tricot\u00e9 de haut en bas, qui procure une sensation de calme et de m\u00e9ditation sur les aiguilles. Tricot\u00e9 \u00e0 partir de l&#x27;encolure, avec des \u00e9paules sculpt\u00e9es et des emmanchures \u00e9pur\u00e9es, le corps se prolonge par des fentes lat\u00e9rales d\u00e9contract\u00e9es pour une silhouette facile \u00e0 porter et flatteuse, qui se marie bien avec un jean, un pantalon ou une jupe droite.<\/p>\n<h2>Contenu du kit<\/h2>\n<ul>\n<li><strong>Conception et instructions :<\/strong> Mod\u00e8le de pull Sensei<\/li>\n<li><strong>Taille unique :<\/strong> 9 \u00d7 Tartan Fonty 3<\/li>\n<\/ul>\n<p>Les manches sont fa\u00e7onn\u00e9es avec des rangs raccourcis le long de la t\u00eate pour une coupe ajust\u00e9e et confortable sans aucune couture, puis tricot\u00e9es en rond pour un look lisse et minimaliste. Le jersey simple met en valeur le fil que vous avez choisi, tandis que les bordures 1\u00d71 et les finitions tubulaires conf\u00e8rent au pull une touche raffin\u00e9e et pr\u00eate \u00e0 porter.<\/p>\n<h2>Mat\u00e9riels<\/h2>\n<ul>\n<li>Aiguilles circulaires de 3,5 mm pour le tissu principal (ou la taille n\u00e9cessaire pour obtenir la jauge)<\/li>\n<li>Aiguilles circulaires de 3,0 mm pour les c\u00f4tes (ou 0,5 mm plus petites que les aiguilles principales)<\/li>\n<li>Marqueurs de mailles<\/li>\n<li>Aiguille \u00e0 tapisserie pour tisser les extr\u00e9mit\u00e9s et rabattre les mailles tubulaires<\/li>\n<li>M\u00e8tre \u00e0 ruban<\/li>\n<\/ul>\n<h2>Fil<\/h2>\n<ul>\n<li><strong>Jody Long Alba<\/strong><br \/>50% laine m\u00e9rinos, 25% alpaga, 25% viscose, 100 g \u2013 350 m<br \/>Tailles 42-44\/46-48\/50-52\/54-56 \u2013 4\/4\/5\/5 pelotes<\/li>\n<li><strong>Katia Concept Coton-Yak<\/strong><br \/>60% coton, 30% laine, 10% yak, 50 g \u2013 130 m<br \/>Tailles 42-44\/46-48\/50-52\/54-56 \u2013 8\/9\/10\/11 pelotes<\/li>\n<li><strong>Queensland D\u00e9butant<\/strong><br \/>75% m\u00e9rinos, 25% polyamide, 100 g \u2013 375 m<br \/>Tailles 42-44\/46-48\/50-52\/54-56 \u2013 3\/4\/5\/6 pelotes<\/li>\n<li><strong>Fonty Tartan 3<\/strong><br \/>Laine 100%, 50 g \u2013 140 m<br \/>Tailles 42-44\/46-48\/50-52\/54-56 \u2013 9\/10\/11\/12 pelotes<\/li>\n<\/ul>\n<h2>Sizes<\/h2>\n<ul>\n<li>42-44 \u2013 tour de poitrine 82-89 cm<\/li>\n<li>46-48 \u2013 tour de poitrine 90-97 cm<\/li>\n<li>50-52 \u2013 tour de poitrine 98-107 cm<\/li>\n<li>54-56 \u2013 tour de poitrine 108-114 cm<\/li>\n<\/ul>\n<p>Ajustement positif recommand\u00e9 : 16 \u00e0 20 cm.<\/p>\n<h2>Jauge<\/h2>\n<p>22-23 mailles et 28-30 rangs = 10 x 10 cm en jersey apr\u00e8s blocage.<\/p>","protected":false},"excerpt":{"rendered":"<p>Kit de tricot pour le pull Pattern Sweater Sensei, comprenant le patron et le fil Fonty Tartan 3.<\/p>","protected":false},"featured_media":33950,"comment_status":"open","ping_status":"closed","template":"","meta":[],"product_brand":[],"product_cat":[3089],"product_tag":[3275,3279,3271,3274,3295,3284],"class_list":{"0":"post-33927","1":"product","2":"type-product","3":"status-publish","4":"has-post-thumbnail","6":"product_cat-knitting-kits","7":"product_tag-alpaca","8":"product_tag-cotton","9":"product_tag-knitting-kit","10":"product_tag-merino","11":"product_tag-sweater","12":"product_tag-yak","14":"first","15":"instock","16":"taxable","17":"shipping-taxable","18":"purchasable","19":"product-type-composite"},"_links":{"self":[{"href":"http:\/\/hollywool.eu\/fr\/wp-json\/wp\/v2\/product\/33927","targetHints":{"allow":["GET"]}}],"collection":[{"href":"http:\/\/hollywool.eu\/fr\/wp-json\/wp\/v2\/product"}],"about":[{"href":"http:\/\/hollywool.eu\/fr\/wp-json\/wp\/v2\/types\/product"}],"replies":[{"embeddable":true,"href":"http:\/\/hollywool.eu\/fr\/wp-json\/wp\/v2\/comments?post=33927"}],"wp:featuredmedia":[{"embeddable":true,"href":"http:\/\/hollywool.eu\/fr\/wp-json\/wp\/v2\/media\/33950"}],"wp:attachment":[{"href":"http:\/\/hollywool.eu\/fr\/wp-json\/wp\/v2\/media?parent=33927"}],"wp:term":[{"taxonomy":"product_brand","embeddable":true,"href":"http:\/\/hollywool.eu\/fr\/wp-json\/wp\/v2\/product_brand?post=33927"},{"taxonomy":"product_cat","embeddable":true,"href":"http:\/\/hollywool.eu\/fr\/wp-json\/wp\/v2\/product_cat?post=33927"},{"taxonomy":"product_tag","embeddable":true,"href":"http:\/\/hollywool.eu\/fr\/wp-json\/wp\/v2\/product_tag?post=33927"}],"curies":[{"name":"wp","href":"https:\/\/api.w.org\/{rel}","templated":true}]}}