{"id":33925,"date":"2026-01-29T13:37:52","date_gmt":"2026-01-29T11:37:52","guid":{"rendered":"https:\/\/hollywool.eu\/?post_type=product&#038;p=33925"},"modified":"2026-03-13T10:26:51","modified_gmt":"2026-03-13T08:26:51","slug":"kit-zig-zag-shawl","status":"publish","type":"product","link":"http:\/\/hollywool.eu\/fr\/kit-zig-zag-shawl\/","title":{"rendered":"Kit Ch\u00e2le Zig Zag"},"content":{"rendered":"<p>D\u00e9couvrez l&#x27;\u00e9l\u00e9gance et la polyvalence de ce ch\u00e2le l\u00e9ger, con\u00e7u pour vous tenir chaud tout en vous permettant d&#x27;exprimer votre personnalit\u00e9.<\/p>\n<h2>Contenu du kit<\/h2>\n<ul>\n<li><strong>Conception et instructions :<\/strong> Mod\u00e8le Ch\u00e2le Zig Zag<\/li>\n<li><strong>Taille unique :<\/strong> 2 \u00d7 Sandnes Garn Tynn Silk Mohair Print<\/li>\n<li><strong>Taille unique \u2014 Lueur optionnelle :<\/strong> Kremke Stellaris<\/li>\n<\/ul>\n<p>R\u00e9alis\u00e9 dans le luxueux Sandnes Garn Tynn Silk Mohair Print (4 pelotes) ou tout autre mohair de soie imprim\u00e9 avec des aiguilles de 4,5 mm (US 7), il tombe en douceur tout en restant douillet et confortable.<\/p>\n<p>Le ch\u00e2le fini mesure environ 50 \u00d7 160 cm \/ 19,7 \u00d7 63 pouces, offrant une couverture g\u00e9n\u00e9reuse et de nombreuses possibilit\u00e9s de style.<\/p>\n<p>Le patron comprend des instructions claires, \u00e9crites rang par rang, ainsi que des diagrammes complets. Il convient donc m\u00eame aux d\u00e9butants confiants qui souhaitent s&#x27;essayer \u00e0 un projet simple en dentelle avec un support visuel. \u00c9l\u00e9gant, intemporel et facile \u00e0 porter, ce ch\u00e2le est un ouvrage relaxant qui offre un r\u00e9sultat magnifique et raffin\u00e9.<\/p>","protected":false},"excerpt":{"rendered":"<p>Kit de tricot pour le ch\u00e2le Zig Zag, comprenant le patron et le fil Sandnes Garn Tynn Silk Mohair Printed.<\/p>","protected":false},"featured_media":32903,"comment_status":"open","ping_status":"closed","template":"","meta":[],"product_brand":[],"product_cat":[3089],"product_tag":[3271,3277,3297,3278],"class_list":{"0":"post-33925","1":"product","2":"type-product","3":"status-publish","4":"has-post-thumbnail","6":"product_cat-knitting-kits","7":"product_tag-knitting-kit","8":"product_tag-mohair","9":"product_tag-shawl","10":"product_tag-silk","12":"first","13":"instock","14":"taxable","15":"shipping-taxable","16":"purchasable","17":"product-type-composite"},"_links":{"self":[{"href":"http:\/\/hollywool.eu\/fr\/wp-json\/wp\/v2\/product\/33925","targetHints":{"allow":["GET"]}}],"collection":[{"href":"http:\/\/hollywool.eu\/fr\/wp-json\/wp\/v2\/product"}],"about":[{"href":"http:\/\/hollywool.eu\/fr\/wp-json\/wp\/v2\/types\/product"}],"replies":[{"embeddable":true,"href":"http:\/\/hollywool.eu\/fr\/wp-json\/wp\/v2\/comments?post=33925"}],"wp:featuredmedia":[{"embeddable":true,"href":"http:\/\/hollywool.eu\/fr\/wp-json\/wp\/v2\/media\/32903"}],"wp:attachment":[{"href":"http:\/\/hollywool.eu\/fr\/wp-json\/wp\/v2\/media?parent=33925"}],"wp:term":[{"taxonomy":"product_brand","embeddable":true,"href":"http:\/\/hollywool.eu\/fr\/wp-json\/wp\/v2\/product_brand?post=33925"},{"taxonomy":"product_cat","embeddable":true,"href":"http:\/\/hollywool.eu\/fr\/wp-json\/wp\/v2\/product_cat?post=33925"},{"taxonomy":"product_tag","embeddable":true,"href":"http:\/\/hollywool.eu\/fr\/wp-json\/wp\/v2\/product_tag?post=33925"}],"curies":[{"name":"wp","href":"https:\/\/api.w.org\/{rel}","templated":true}]}}