{"id":33923,"date":"2026-01-29T13:37:48","date_gmt":"2026-01-29T11:37:48","guid":{"rendered":"https:\/\/hollywool.eu\/?post_type=product&#038;p=33923"},"modified":"2026-03-13T10:26:52","modified_gmt":"2026-03-13T08:26:52","slug":"kit-loop-hat","status":"publish","type":"product","link":"http:\/\/hollywool.eu\/fr\/kit-loop-hat\/","title":{"rendered":"Chapeau Kit Loop"},"content":{"rendered":"<p>Bonnet souple, l\u00e9ger et discret, avec une boucle i-cord design sur le dessus. Vous pouvez porter ce bonnet avec ou sans bord rabattu, pour un look plus d\u00e9contract\u00e9. D\u00e9corez-le avec des broderies ornementales dans un fil contrastant pour rendre chaque bonnet vraiment unique.<\/p>\n<h2>Contenu du kit<\/h2>\n<ul>\n<li><strong>Conception et instructions :<\/strong> Bonnet \u00e0 motif en boucle<\/li>\n<li><strong>Taille unique :<\/strong> 2 \u00d7 DROPS Air<\/li>\n<\/ul>\n<h2>Ce que vous obtenez<\/h2>\n<ul>\n<li>\u2022 Instructions d\u00e9taill\u00e9es, \u00e9crites ligne par ligne<\/li>\n<li>\u2022 Abr\u00e9viations claires et explications des points sp\u00e9ciaux<\/li>\n<li>\u2022 Descriptions \u00e9tape par \u00e9tape<\/li>\n<li>\u2022 Convient aux tricoteurs d\u00e9butants confiants comme aux tricoteurs avanc\u00e9s<\/li>\n<li>\u2022 Projet rapide \u2013 vous pouvez terminer le bonnet en une soir\u00e9e<\/li>\n<\/ul>\n<h2>MAT\u00c9RIAUX<\/h2>\n<ul>\n<li>\u2022 2 pelotes de Drops Air (65% Alpaga, 28% Polyamide, 7% Laine, 150 m\/50 g) sont utilis\u00e9es ensemble (300 m\/100 g)<\/li>\n<li>\u2022 Aiguilles circulaires de 7 mm sur un cordon de 40 cm <\/li>\n<li>\u2022 Aiguilles doubles pointes ou circulaires de 7 mm pour tricoter le cordon i-cord et fermer le bonnet <\/li>\n<li>\u2022 Aiguille \u00e0 tapisserie pour tisser les extr\u00e9mit\u00e9s et finir<\/li>\n<\/ul>\n<h2>JAUGE<\/h2>\n<p><strong>Jauge:<\/strong> 10 mailles x 16 rangs = 10 x 10 cm dans le motif principal apr\u00e8s blocage.<\/p>\n<h2>TAILLE ET COUPE<\/h2>\n<p>Convient \u00e0 un tour de t\u00eate adulte d&#x27;environ 52 \u00e0 56 cm.<br \/>\nPeut \u00eatre port\u00e9 avec ou sans visi\u00e8re rabattue.<\/p>\n<h2>I-CORD LOOP<\/h2>\n<p>Reduce the 5 sts to 3 and work an i-cord loop.<\/p>\n<p>On 7 mm dpns or using the circ ndl as dpn:<\/p>\n<p>\u2022 Next rnd \u2013 work decreases evenly so that 3 sts remain on the needle.<\/p>\n<p>\u2022 Work i-cord over these 3 sts as follows: I-cord principle for 3 sts:<\/p>\n<p>\u2022 Row: k1, k1, p1.<\/p>\n<p>\u2022 Without turning your work, slide the sts to the other end of the needle, bring the working yarn across the back, and again work k1, k1, p1.<\/p>\n<p>Repeat this i-cord row sequence until the cord measures about 16 rows or 10-11 cm.<\/p>\n<p>To finish the loop, k3tog (knit 3 sts together) and fasten off. Sew the end of the cord to the beginning to form a closed loop at the top of the hat.<\/p>\n<h2>FINISHED MEASUREMENTS, DECORATION AND CARE<\/h2>\n<p>Approximate dimensions before washing \u2013 width 22 cm, height 31 cm.<\/p>\n<p>Approximate dimensions after washing \u2013 width 24 cm, height 31 cm.<\/p>\n<p>Wash the hat in cool water. Do not wring or twist by hand. Gently press out excess water and dry the item flat on a towel in a horizontal position.<\/p>\n<p>You can decorate this hat with different ornamental designs. Take a contrasting yarn and embroider any motifs you like.<\/p>","protected":false},"excerpt":{"rendered":"<p>Knitting kit for Pattern Loop Hat including pattern and DROPS Air yarn.<\/p>","protected":false},"featured_media":32878,"comment_status":"open","ping_status":"closed","template":"","meta":[],"product_brand":[],"product_cat":[3089],"product_tag":[3275,3299,3271],"class_list":{"0":"post-33923","1":"product","2":"type-product","3":"status-publish","4":"has-post-thumbnail","6":"product_cat-knitting-kits","7":"product_tag-alpaca","8":"product_tag-hat","9":"product_tag-knitting-kit","11":"first","12":"instock","13":"taxable","14":"shipping-taxable","15":"purchasable","16":"product-type-composite"},"_links":{"self":[{"href":"http:\/\/hollywool.eu\/fr\/wp-json\/wp\/v2\/product\/33923","targetHints":{"allow":["GET"]}}],"collection":[{"href":"http:\/\/hollywool.eu\/fr\/wp-json\/wp\/v2\/product"}],"about":[{"href":"http:\/\/hollywool.eu\/fr\/wp-json\/wp\/v2\/types\/product"}],"replies":[{"embeddable":true,"href":"http:\/\/hollywool.eu\/fr\/wp-json\/wp\/v2\/comments?post=33923"}],"wp:featuredmedia":[{"embeddable":true,"href":"http:\/\/hollywool.eu\/fr\/wp-json\/wp\/v2\/media\/32878"}],"wp:attachment":[{"href":"http:\/\/hollywool.eu\/fr\/wp-json\/wp\/v2\/media?parent=33923"}],"wp:term":[{"taxonomy":"product_brand","embeddable":true,"href":"http:\/\/hollywool.eu\/fr\/wp-json\/wp\/v2\/product_brand?post=33923"},{"taxonomy":"product_cat","embeddable":true,"href":"http:\/\/hollywool.eu\/fr\/wp-json\/wp\/v2\/product_cat?post=33923"},{"taxonomy":"product_tag","embeddable":true,"href":"http:\/\/hollywool.eu\/fr\/wp-json\/wp\/v2\/product_tag?post=33923"}],"curies":[{"name":"wp","href":"https:\/\/api.w.org\/{rel}","templated":true}]}}