{"id":33319,"date":"2026-01-08T09:53:45","date_gmt":"2026-01-08T07:53:45","guid":{"rendered":"https:\/\/hollywool.eu\/socks-soft-rib-kit\/"},"modified":"2026-03-13T11:07:38","modified_gmt":"2026-03-13T09:07:38","slug":"socks-soft-rib-kit","status":"publish","type":"product","link":"http:\/\/hollywool.eu\/fr\/socks-soft-rib-kit\/","title":{"rendered":"Kit de chaussettes \u00e0 c\u00f4tes souples"},"content":{"rendered":"<h2>Kit de tricot Socks Soft Rib Kit - aper\u00e7u<\/h2>\n<p><strong>Kit de chaussettes \u00e0 c\u00f4tes souples<\/strong> est un kit de tricot. Utilisez la liste ci-dessous pour voir ce qui est inclus et s\u00e9lectionnez vos options parmi les composants r\u00e9pertori\u00e9s.<\/p>\n<h3>Contenu du kit<\/h3>\n<ul>\n<li>Conception et instructions (quantit\u00e9 1) : _sku_wRPX0UM4g35bc9MAreVeh1.<\/li>\n<li>Taille unique (quantit\u00e9 1) : _sku_ENz8pG8ngAKYB21Kda43Y3.<\/li>\n<\/ul>\n<h3>Comment utiliser ce kit<\/h3>\n<p>Suivez les instructions du patron et choisissez les fils parmi les composants du kit qui correspondent \u00e0 votre taille et \u00e0 votre jauge.<\/p>\n<h3>Soins<\/h3>\n<p>Suivez les instructions d&#x27;entretien figurant sur les \u00e9tiquettes des fils inclus dans le kit.<\/p>\n<p><strong>Explorez davantage<\/strong><\/p>\n<p><a class=\"button is-small is-outline\" href=\"https:\/\/hollywool.eu\/fr\/knitting-kits\/\">Tous les kits de tricot<\/a> <a class=\"button is-small is-outline\" href=\"https:\/\/hollywool.eu\/fr\/yarn\/\">Tous les fils<\/a><\/p>","protected":false},"excerpt":{"rendered":"<p>Create cozy, durable socks with DROPS&#8217; Socks Soft Rib Kit, blending 75% wool and 25% nylon for warmth and elasticity. Perfect for 4.0 mm needles.<\/p>","protected":false},"featured_media":33318,"comment_status":"open","ping_status":"closed","template":"","meta":[],"product_brand":[],"product_cat":[3089],"product_tag":[3271,3294],"class_list":{"0":"post-33319","1":"product","2":"type-product","3":"status-publish","4":"has-post-thumbnail","6":"product_cat-knitting-kits","7":"product_tag-knitting-kit","8":"product_tag-socks","10":"first","11":"instock","12":"taxable","13":"shipping-taxable","14":"purchasable","15":"product-type-composite"},"_links":{"self":[{"href":"http:\/\/hollywool.eu\/fr\/wp-json\/wp\/v2\/product\/33319","targetHints":{"allow":["GET"]}}],"collection":[{"href":"http:\/\/hollywool.eu\/fr\/wp-json\/wp\/v2\/product"}],"about":[{"href":"http:\/\/hollywool.eu\/fr\/wp-json\/wp\/v2\/types\/product"}],"replies":[{"embeddable":true,"href":"http:\/\/hollywool.eu\/fr\/wp-json\/wp\/v2\/comments?post=33319"}],"wp:featuredmedia":[{"embeddable":true,"href":"http:\/\/hollywool.eu\/fr\/wp-json\/wp\/v2\/media\/33318"}],"wp:attachment":[{"href":"http:\/\/hollywool.eu\/fr\/wp-json\/wp\/v2\/media?parent=33319"}],"wp:term":[{"taxonomy":"product_brand","embeddable":true,"href":"http:\/\/hollywool.eu\/fr\/wp-json\/wp\/v2\/product_brand?post=33319"},{"taxonomy":"product_cat","embeddable":true,"href":"http:\/\/hollywool.eu\/fr\/wp-json\/wp\/v2\/product_cat?post=33319"},{"taxonomy":"product_tag","embeddable":true,"href":"http:\/\/hollywool.eu\/fr\/wp-json\/wp\/v2\/product_tag?post=33319"}],"curies":[{"name":"wp","href":"https:\/\/api.w.org\/{rel}","templated":true}]}}