{"id":32929,"date":"2026-01-06T15:41:51","date_gmt":"2026-01-06T13:41:51","guid":{"rendered":"https:\/\/hollywool.eu\/scarf-with-tassels-kit\/"},"modified":"2026-03-13T11:08:02","modified_gmt":"2026-03-13T09:08:02","slug":"scarf-with-tassels-kit","status":"publish","type":"product","link":"http:\/\/hollywool.eu\/fr\/scarf-with-tassels-kit\/","title":{"rendered":"Kit \u00e9charpe \u00e0 pompons"},"content":{"rendered":"<h2>Kit pour \u00e9charpe \u00e0 pompons - Aper\u00e7u du kit de tricot<\/h2>\n<p><strong>Kit \u00e9charpe \u00e0 pompons<\/strong> est un kit de tricot. Utilisez la liste ci-dessous pour voir ce qui est inclus et s\u00e9lectionnez vos options parmi les composants r\u00e9pertori\u00e9s.<\/p>\n<h3>Contenu du kit<\/h3>\n<ul>\n<li>Conception et instructions (quantit\u00e9 1) : _sku_KnlQHHXogyUkahAoLODmd3.<\/li>\n<li>Kremke The Merry Merino 110 GOTS (quantit\u00e9 4) : _sku_KWNUXkaOjMOZQIAZcRAcg3.<\/li>\n<li>DROPS Air (quantit\u00e9 3) : _sku_YgZh5VedgMH6kUN35KE0B3.<\/li>\n<li>BC Garn Semilla Melange GOTS (quantit\u00e9 3) : _sku_YykpH7HOjdDJhNHNNX4762.<\/li>\n<li>BC Garn Loch Lomond GOTS (quantit\u00e9 3) : _sku_NudKO19FibB9rNd44igIy1.<\/li>\n<\/ul>\n<h3>Comment utiliser ce kit<\/h3>\n<p>Suivez les instructions du patron et choisissez les fils parmi les composants du kit qui correspondent \u00e0 votre taille et \u00e0 votre jauge.<\/p>\n<h3>Soins<\/h3>\n<p>Suivez les instructions d&#x27;entretien figurant sur les \u00e9tiquettes des fils inclus dans le kit.<\/p>\n<p><strong>Explorez davantage<\/strong><\/p>\n<p><a class=\"button is-small is-outline\" href=\"https:\/\/hollywool.eu\/fr\/knitting-kits\/\">Tous les kits de tricot<\/a> <a class=\"button is-small is-outline\" href=\"https:\/\/hollywool.eu\/fr\/yarn\/\">Tous les fils<\/a><\/p>","protected":false},"excerpt":{"rendered":"<p>Craft a luxurious scarf with this kit featuring 100% Merino Wool from Kremke. Perfect for cozy elegance, knit with 4.0 mm needles.<\/p>","protected":false},"featured_media":32919,"comment_status":"open","ping_status":"closed","template":"","meta":[],"product_brand":[],"product_cat":[3089],"product_tag":[3311,3271,3274,3298],"class_list":{"0":"post-32929","1":"product","2":"type-product","3":"status-publish","4":"has-post-thumbnail","6":"product_cat-knitting-kits","7":"product_tag-gots-certified","8":"product_tag-knitting-kit","9":"product_tag-merino","10":"product_tag-scarf","12":"first","13":"instock","14":"taxable","15":"shipping-taxable","16":"purchasable","17":"product-type-composite"},"_links":{"self":[{"href":"http:\/\/hollywool.eu\/fr\/wp-json\/wp\/v2\/product\/32929","targetHints":{"allow":["GET"]}}],"collection":[{"href":"http:\/\/hollywool.eu\/fr\/wp-json\/wp\/v2\/product"}],"about":[{"href":"http:\/\/hollywool.eu\/fr\/wp-json\/wp\/v2\/types\/product"}],"replies":[{"embeddable":true,"href":"http:\/\/hollywool.eu\/fr\/wp-json\/wp\/v2\/comments?post=32929"}],"wp:featuredmedia":[{"embeddable":true,"href":"http:\/\/hollywool.eu\/fr\/wp-json\/wp\/v2\/media\/32919"}],"wp:attachment":[{"href":"http:\/\/hollywool.eu\/fr\/wp-json\/wp\/v2\/media?parent=32929"}],"wp:term":[{"taxonomy":"product_brand","embeddable":true,"href":"http:\/\/hollywool.eu\/fr\/wp-json\/wp\/v2\/product_brand?post=32929"},{"taxonomy":"product_cat","embeddable":true,"href":"http:\/\/hollywool.eu\/fr\/wp-json\/wp\/v2\/product_cat?post=32929"},{"taxonomy":"product_tag","embeddable":true,"href":"http:\/\/hollywool.eu\/fr\/wp-json\/wp\/v2\/product_tag?post=32929"}],"curies":[{"name":"wp","href":"https:\/\/api.w.org\/{rel}","templated":true}]}}