{"id":32873,"date":"2026-01-06T15:40:04","date_gmt":"2026-01-06T13:40:04","guid":{"rendered":"https:\/\/hollywool.eu\/nimbus-hat-kit\/"},"modified":"2026-03-13T11:08:10","modified_gmt":"2026-03-13T09:08:10","slug":"nimbus-hat-kit","status":"publish","type":"product","link":"http:\/\/hollywool.eu\/fr\/nimbus-hat-kit\/","title":{"rendered":"Kit chapeau Nimbus"},"content":{"rendered":"<h2>Aper\u00e7u du kit de tricot Nimbus Hat Kit<\/h2>\n<p><strong>Kit chapeau Nimbus<\/strong> est un kit de tricot. Utilisez la liste ci-dessous pour voir ce qui est inclus et s\u00e9lectionnez vos options parmi les composants r\u00e9pertori\u00e9s.<\/p>\n<h3>Contenu du kit<\/h3>\n<ul>\n<li>Conception et instructions (quantit\u00e9 1) : _sku_3SkiROKRioWYclBjv4dEr0.<\/li>\n<li>Toutes les tailles (quantit\u00e9 2) : _sku_58EDjT-uhcS4qjN65ON9w3.<\/li>\n<\/ul>\n<h3>Comment utiliser ce kit<\/h3>\n<p>Suivez les instructions du patron et choisissez les fils parmi les composants du kit qui correspondent \u00e0 votre taille et \u00e0 votre jauge.<\/p>\n<h3>Soins<\/h3>\n<p>Suivez les instructions d&#x27;entretien figurant sur les \u00e9tiquettes des fils inclus dans le kit.<\/p>\n<p><strong>Explorez davantage<\/strong><\/p>\n<p><a class=\"button is-small is-outline\" href=\"https:\/\/hollywool.eu\/fr\/knitting-kits\/\">Tous les kits de tricot<\/a> <a class=\"button is-small is-outline\" href=\"https:\/\/hollywool.eu\/fr\/yarn\/\">Tous les fils<\/a><\/p>","protected":false},"excerpt":{"rendered":"<p>Craft a cozy masterpiece with Fonty&#8217;s Nimbus Hat Kit, featuring 100% Merino Wool. Perfect for snug elegance with every stitch.<\/p>","protected":false},"featured_media":32868,"comment_status":"open","ping_status":"closed","template":"","meta":[],"product_brand":[],"product_cat":[3089],"product_tag":[3299,3271],"class_list":{"0":"post-32873","1":"product","2":"type-product","3":"status-publish","4":"has-post-thumbnail","6":"product_cat-knitting-kits","7":"product_tag-hat","8":"product_tag-knitting-kit","10":"first","11":"instock","12":"taxable","13":"shipping-taxable","14":"purchasable","15":"product-type-composite"},"_links":{"self":[{"href":"http:\/\/hollywool.eu\/fr\/wp-json\/wp\/v2\/product\/32873","targetHints":{"allow":["GET"]}}],"collection":[{"href":"http:\/\/hollywool.eu\/fr\/wp-json\/wp\/v2\/product"}],"about":[{"href":"http:\/\/hollywool.eu\/fr\/wp-json\/wp\/v2\/types\/product"}],"replies":[{"embeddable":true,"href":"http:\/\/hollywool.eu\/fr\/wp-json\/wp\/v2\/comments?post=32873"}],"wp:featuredmedia":[{"embeddable":true,"href":"http:\/\/hollywool.eu\/fr\/wp-json\/wp\/v2\/media\/32868"}],"wp:attachment":[{"href":"http:\/\/hollywool.eu\/fr\/wp-json\/wp\/v2\/media?parent=32873"}],"wp:term":[{"taxonomy":"product_brand","embeddable":true,"href":"http:\/\/hollywool.eu\/fr\/wp-json\/wp\/v2\/product_brand?post=32873"},{"taxonomy":"product_cat","embeddable":true,"href":"http:\/\/hollywool.eu\/fr\/wp-json\/wp\/v2\/product_cat?post=32873"},{"taxonomy":"product_tag","embeddable":true,"href":"http:\/\/hollywool.eu\/fr\/wp-json\/wp\/v2\/product_tag?post=32873"}],"curies":[{"name":"wp","href":"https:\/\/api.w.org\/{rel}","templated":true}]}}