{"id":32785,"date":"2026-01-06T15:37:39","date_gmt":"2026-01-06T13:37:39","guid":{"rendered":"https:\/\/hollywool.eu\/oh-my-hood-kit\/"},"modified":"2026-03-13T11:08:34","modified_gmt":"2026-03-13T09:08:34","slug":"oh-my-hood-kit","status":"publish","type":"product","link":"http:\/\/hollywool.eu\/fr\/oh-my-hood-kit\/","title":{"rendered":"Kit Oh My Hood"},"content":{"rendered":"<h2>Pr\u00e9sentation du kit de tricot Oh My Hood Kit<\/h2>\n<p><strong>Kit Oh My Hood<\/strong> est un kit de tricot. Utilisez la liste ci-dessous pour voir ce qui est inclus et s\u00e9lectionnez vos options parmi les composants r\u00e9pertori\u00e9s.<\/p>\n<h3>Contenu du kit<\/h3>\n<ul>\n<li>Conception et instructions (quantit\u00e9 1) : _sku_trEF1jCei4i4EGsJKerMy2.<\/li>\n<li>Semilla + Mohair \u2014 Semilla (quantit\u00e9 2) : _sku_YykpH7HOjdDJhNHNNX4762.<\/li>\n<li>Semilla + Mohair \u2014 Mohair (quantit\u00e9 2) : _sku_0n6DJ0UDg8mQkqUB0eoZJ0, _sku_bGhskZURgCUwhQOcmv-t61.<\/li>\n<li>Baby Alpaca (quantit\u00e9 3) : _sku_sLc6xd2Di7N990lgdzfN52.<\/li>\n<\/ul>\n<h3>Comment utiliser ce kit<\/h3>\n<p>Suivez les instructions du patron et choisissez les fils parmi les composants du kit qui correspondent \u00e0 votre taille et \u00e0 votre jauge.<\/p>\n<h3>Soins<\/h3>\n<p>Suivez les instructions d&#x27;entretien figurant sur les \u00e9tiquettes des fils inclus dans le kit.<\/p>\n<p><strong>Explorez davantage<\/strong><\/p>\n<p><a class=\"button is-small is-outline\" href=\"https:\/\/hollywool.eu\/fr\/knitting-kits\/\">Tous les kits de tricot<\/a> <a class=\"button is-small is-outline\" href=\"https:\/\/hollywool.eu\/fr\/yarn\/\">Tous les fils<\/a><\/p>","protected":false},"excerpt":{"rendered":"<p>Knit your dream hood with BC&#8217;s 100% wool kit, perfect for cozy warmth. Achieve a perfect gauge with 4.0 mm needles.<\/p>","protected":false},"featured_media":32776,"comment_status":"open","ping_status":"closed","template":"","meta":[],"product_brand":[],"product_cat":[3089],"product_tag":[3275,3271,3277],"class_list":{"0":"post-32785","1":"product","2":"type-product","3":"status-publish","4":"has-post-thumbnail","6":"product_cat-knitting-kits","7":"product_tag-alpaca","8":"product_tag-knitting-kit","9":"product_tag-mohair","11":"first","12":"instock","13":"taxable","14":"shipping-taxable","15":"purchasable","16":"product-type-composite"},"_links":{"self":[{"href":"http:\/\/hollywool.eu\/fr\/wp-json\/wp\/v2\/product\/32785","targetHints":{"allow":["GET"]}}],"collection":[{"href":"http:\/\/hollywool.eu\/fr\/wp-json\/wp\/v2\/product"}],"about":[{"href":"http:\/\/hollywool.eu\/fr\/wp-json\/wp\/v2\/types\/product"}],"replies":[{"embeddable":true,"href":"http:\/\/hollywool.eu\/fr\/wp-json\/wp\/v2\/comments?post=32785"}],"wp:featuredmedia":[{"embeddable":true,"href":"http:\/\/hollywool.eu\/fr\/wp-json\/wp\/v2\/media\/32776"}],"wp:attachment":[{"href":"http:\/\/hollywool.eu\/fr\/wp-json\/wp\/v2\/media?parent=32785"}],"wp:term":[{"taxonomy":"product_brand","embeddable":true,"href":"http:\/\/hollywool.eu\/fr\/wp-json\/wp\/v2\/product_brand?post=32785"},{"taxonomy":"product_cat","embeddable":true,"href":"http:\/\/hollywool.eu\/fr\/wp-json\/wp\/v2\/product_cat?post=32785"},{"taxonomy":"product_tag","embeddable":true,"href":"http:\/\/hollywool.eu\/fr\/wp-json\/wp\/v2\/product_tag?post=32785"}],"curies":[{"name":"wp","href":"https:\/\/api.w.org\/{rel}","templated":true}]}}