{"id":32719,"date":"2026-01-06T15:36:35","date_gmt":"2026-01-06T13:36:35","guid":{"rendered":"https:\/\/hollywool.eu\/mittens-for-everyone-kit\/"},"modified":"2026-03-13T11:08:55","modified_gmt":"2026-03-13T09:08:55","slug":"mittens-for-everyone-kit","status":"publish","type":"product","link":"http:\/\/hollywool.eu\/fr\/mittens-for-everyone-kit\/","title":{"rendered":"Kit \u00ab Des mitaines pour tous \u00bb"},"content":{"rendered":"<h2>Kit de tricot \u00ab Mittens for Everyone \u00bb (Mitaines pour tous) - Pr\u00e9sentation g\u00e9n\u00e9rale<\/h2>\n<p><strong>Kit \u00ab Des mitaines pour tous \u00bb<\/strong> est un kit de tricot. Utilisez la liste ci-dessous pour voir ce qui est inclus et s\u00e9lectionnez vos options parmi les composants r\u00e9pertori\u00e9s.<\/p>\n<h3>Contenu du kit<\/h3>\n<ul>\n<li>Conception et instructions (quantit\u00e9 1) : _sku_pffTshZvhE347sG5OOQDx0.<\/li>\n<li>DROPS Air (quantit\u00e9 2) : _sku_YgZh5VedgMH6kUN35KE0B3.<\/li>\n<li>Baby Alpaga + Boucl\u00e9\/Mohair \u2014 Fil de base (quantit\u00e9 2) : _sku_sLc6xd2Di7N990lgdzfN52.<\/li>\n<li>Baby Alpaga + Boucl\u00e9\/Mohair \u2014 Boucl\u00e9 ou Mohair (quantit\u00e9 1) : _sku_TQBcMoT4j1b-fZqh6umVm1, _sku_0n6DJ0UDg8mQkqUB0eoZJ0.<\/li>\n<\/ul>\n<h3>Comment utiliser ce kit<\/h3>\n<p>Suivez les instructions du patron et choisissez les fils parmi les composants du kit qui correspondent \u00e0 votre taille et \u00e0 votre jauge.<\/p>\n<h3>Soins<\/h3>\n<p>Suivez les instructions d&#x27;entretien figurant sur les \u00e9tiquettes des fils inclus dans le kit.<\/p>\n<p><strong>Explorez davantage<\/strong><\/p>\n<p><a class=\"button is-small is-outline\" href=\"https:\/\/hollywool.eu\/fr\/knitting-kits\/\">Tous les kits de tricot<\/a> <a class=\"button is-small is-outline\" href=\"https:\/\/hollywool.eu\/fr\/yarn\/\">Tous les fils<\/a><\/p>","protected":false},"excerpt":{"rendered":"<p>Craft cozy mittens with DROPS&#8217; luxurious blend of Alpaca, Polyamide, and Merino Wool. Perfect for all skill levels, with a snug 17 sts gauge.<\/p>","protected":false},"featured_media":32703,"comment_status":"open","ping_status":"closed","template":"","meta":[],"product_brand":[],"product_cat":[3089],"product_tag":[3275,3316,3271,3277],"class_list":{"0":"post-32719","1":"product","2":"type-product","3":"status-publish","4":"has-post-thumbnail","6":"product_cat-knitting-kits","7":"product_tag-alpaca","8":"product_tag-boucle","9":"product_tag-knitting-kit","10":"product_tag-mohair","12":"first","13":"instock","14":"taxable","15":"shipping-taxable","16":"purchasable","17":"product-type-composite"},"_links":{"self":[{"href":"http:\/\/hollywool.eu\/fr\/wp-json\/wp\/v2\/product\/32719","targetHints":{"allow":["GET"]}}],"collection":[{"href":"http:\/\/hollywool.eu\/fr\/wp-json\/wp\/v2\/product"}],"about":[{"href":"http:\/\/hollywool.eu\/fr\/wp-json\/wp\/v2\/types\/product"}],"replies":[{"embeddable":true,"href":"http:\/\/hollywool.eu\/fr\/wp-json\/wp\/v2\/comments?post=32719"}],"wp:featuredmedia":[{"embeddable":true,"href":"http:\/\/hollywool.eu\/fr\/wp-json\/wp\/v2\/media\/32703"}],"wp:attachment":[{"href":"http:\/\/hollywool.eu\/fr\/wp-json\/wp\/v2\/media?parent=32719"}],"wp:term":[{"taxonomy":"product_brand","embeddable":true,"href":"http:\/\/hollywool.eu\/fr\/wp-json\/wp\/v2\/product_brand?post=32719"},{"taxonomy":"product_cat","embeddable":true,"href":"http:\/\/hollywool.eu\/fr\/wp-json\/wp\/v2\/product_cat?post=32719"},{"taxonomy":"product_tag","embeddable":true,"href":"http:\/\/hollywool.eu\/fr\/wp-json\/wp\/v2\/product_tag?post=32719"}],"curies":[{"name":"wp","href":"https:\/\/api.w.org\/{rel}","templated":true}]}}