{"id":32690,"date":"2026-01-06T15:36:03","date_gmt":"2026-01-06T13:36:03","guid":{"rendered":"https:\/\/hollywool.eu\/grandpa-kit\/"},"modified":"2026-03-13T11:09:10","modified_gmt":"2026-03-13T09:09:10","slug":"grandpa-kit","status":"publish","type":"product","link":"http:\/\/hollywool.eu\/fr\/grandpa-kit\/","title":{"rendered":"Grand-p\u00e8re Kit"},"content":{"rendered":"<h2>Pr\u00e9sentation du kit de tricot Grandpa Kit<\/h2>\n<p><strong>Grand-p\u00e8re Kit<\/strong> est un kit de tricot. Utilisez la liste ci-dessous pour voir ce qui est inclus et s\u00e9lectionnez vos options parmi les composants r\u00e9pertori\u00e9s.<\/p>\n<h3>Contenu du kit<\/h3>\n<ul>\n<li>Conception et instructions (quantit\u00e9 1) : _sku_cMjg77oVii5kPPrqs3IHi3.<\/li>\n<li>Taille 40-42 (quantit\u00e9 1) : _sku_P9cHjm3OhsOOuW853K5es0.<\/li>\n<li>Taille 42-45 (quantit\u00e9 2) : _sku_P9cHjm3OhsOOuW853K5es0.<\/li>\n<\/ul>\n<h3>Comment utiliser ce kit<\/h3>\n<p>Suivez les instructions du patron et choisissez les fils parmi les composants du kit qui correspondent \u00e0 votre taille et \u00e0 votre jauge.<\/p>\n<h3>Soins<\/h3>\n<p>Suivez les instructions d&#x27;entretien figurant sur les \u00e9tiquettes des fils inclus dans le kit.<\/p>\n<p><strong>Explorez davantage<\/strong><\/p>\n<p><a class=\"button is-small is-outline\" href=\"https:\/\/hollywool.eu\/fr\/knitting-kits\/\">Tous les kits de tricot<\/a> <a class=\"button is-small is-outline\" href=\"https:\/\/hollywool.eu\/fr\/yarn\/\">Tous les fils<\/a><\/p>","protected":false},"excerpt":{"rendered":"<p>Knit cozy heirlooms with Novita&#8217;s Grandpa Kit, featuring Aran weight yarn that perfectly balances warmth and durability for every cherished stitch.<\/p>","protected":false},"featured_media":32685,"comment_status":"open","ping_status":"closed","template":"","meta":[],"product_brand":[],"product_cat":[3089],"product_tag":[3271],"class_list":{"0":"post-32690","1":"product","2":"type-product","3":"status-publish","4":"has-post-thumbnail","6":"product_cat-knitting-kits","7":"product_tag-knitting-kit","9":"first","10":"instock","11":"taxable","12":"shipping-taxable","13":"purchasable","14":"product-type-composite"},"_links":{"self":[{"href":"http:\/\/hollywool.eu\/fr\/wp-json\/wp\/v2\/product\/32690","targetHints":{"allow":["GET"]}}],"collection":[{"href":"http:\/\/hollywool.eu\/fr\/wp-json\/wp\/v2\/product"}],"about":[{"href":"http:\/\/hollywool.eu\/fr\/wp-json\/wp\/v2\/types\/product"}],"replies":[{"embeddable":true,"href":"http:\/\/hollywool.eu\/fr\/wp-json\/wp\/v2\/comments?post=32690"}],"wp:featuredmedia":[{"embeddable":true,"href":"http:\/\/hollywool.eu\/fr\/wp-json\/wp\/v2\/media\/32685"}],"wp:attachment":[{"href":"http:\/\/hollywool.eu\/fr\/wp-json\/wp\/v2\/media?parent=32690"}],"wp:term":[{"taxonomy":"product_brand","embeddable":true,"href":"http:\/\/hollywool.eu\/fr\/wp-json\/wp\/v2\/product_brand?post=32690"},{"taxonomy":"product_cat","embeddable":true,"href":"http:\/\/hollywool.eu\/fr\/wp-json\/wp\/v2\/product_cat?post=32690"},{"taxonomy":"product_tag","embeddable":true,"href":"http:\/\/hollywool.eu\/fr\/wp-json\/wp\/v2\/product_tag?post=32690"}],"curies":[{"name":"wp","href":"https:\/\/api.w.org\/{rel}","templated":true}]}}